{"id":9709,"date":"2023-07-03T14:07:24","date_gmt":"2023-07-03T11:07:24","guid":{"rendered":"https:\/\/furkaneracademy.com\/?post_type=product&#038;p=9709"},"modified":"2026-02-01T20:37:09","modified_gmt":"2026-02-01T17:37:09","slug":"3-aylik-online-kocluk-farmakolojik-ve-ozel-ilac-tavsiyeli","status":"publish","type":"product","link":"https:\/\/furkaneracademy.com\/index.php\/urun\/3-aylik-online-kocluk-farmakolojik-ve-ozel-ilac-tavsiyeli\/","title":{"rendered":"3 Ayl\u0131k Online Ko\u00e7luk (Farmakolojik ve \u00d6zel \u0130la\u00e7 Tavsiyeli)"},"content":{"rendered":"<p><strong>Furkan Er taraf\u0131ndan:<\/strong><\/p>\n<ul>\n<li><strong>Ki\u015fiye \u00f6zel ve hedefe y\u00f6nelik haz\u0131rlanm\u0131\u015f antrenman ve beslenme program\u0131<\/strong><\/li>\n<li><strong>Hedefe y\u00f6nelik kardiyo planlanmas\u0131<\/strong><\/li>\n<li><strong>Supplement planlamas\u0131<\/strong><\/li>\n<li><strong>Haftal\u0131k d\u00fczenli form kontrol, g\u00fcncel planlamalar\u0131n de\u011ferlendirilmesi ve revizelerin yap\u0131lmas\u0131<\/strong><\/li>\n<li><strong> Whatsapp \u00fczerinden ekip \u00fcyeleri ile birlikte ileti\u015fim <\/strong><\/li>\n<li><strong>Kan testi kontrol\u00fc ve gerekli m\u00fcdaheleler<\/strong><\/li>\n<li><strong>Ki\u015fiye ve hedefe y\u00f6nelik \u00f6zel ila\u00e7 planlanmas\u0131<\/strong><\/li>\n<\/ul>\n","protected":false},"excerpt":{"rendered":"<p><strong>Furkan Er taraf\u0131ndan:<\/strong><\/p>\n<ul>\n<li><strong>Ki\u015fiye \u00f6zel ve hedefe y\u00f6nelik haz\u0131rlanm\u0131\u015f antrenman ve beslenme program\u0131<\/strong><\/li>\n<li><strong>Hedefe y\u00f6nelik kardiyo planlanmas\u0131<\/strong><\/li>\n<li><strong>Supplement planlamas\u0131<\/strong><\/li>\n<li><strong>Haftal\u0131k d\u00fczenli form kontrol, g\u00fcncel planlamalar\u0131n de\u011ferlendirilmesi ve revizelerin yap\u0131lmas\u0131<\/strong><\/li>\n<li><strong> Whatsapp \u00fczerinden ekip \u00fcyeleri ile birlikte ileti\u015fim <\/strong><\/li>\n<li><strong>Kan testi kontrol\u00fc ve gerekli m\u00fcdaheleler<\/strong><\/li>\n<li><strong>Ki\u015fiye ve hedefe y\u00f6nelik \u00f6zel ila\u00e7 planlanmas\u0131<\/strong><\/li>\n<\/ul>\n<p><a href=\"https:\/\/wa.link\/r2tpud\"><button class=\"button-furkaner\">Havale \u0130le \u00f6demede %10 indirim<\/button><br \/>\n<\/a><\/p>\n","protected":false},"featured_media":9710,"template":"","meta":[],"product_brand":[],"product_cat":[80],"product_tag":[81],"class_list":{"0":"post-9709","1":"product","2":"type-product","3":"status-publish","4":"has-post-thumbnail","6":"product_cat-farmakolojik-egitim-paketleri","7":"product_tag-farmakolojik-egitim-paketleri","9":"first","10":"outofstock","11":"taxable","12":"shipping-taxable","13":"purchasable","14":"product-type-simple"},"yoast_head":"<!-- This site is optimized with the Yoast SEO plugin v27.5 - https:\/\/yoast.com\/product\/yoast-seo-wordpress\/ -->\n<title>3 Ayl\u0131k Online Ko\u00e7luk (Farmakolojik ve \u00d6zel \u0130la\u00e7 Tavsiyeli) | Furkan Er IFBB Pro Athlete<\/title>\n<meta name=\"robots\" content=\"index, follow, max-snippet:-1, max-image-preview:large, max-video-preview:-1\" \/>\n<link rel=\"canonical\" href=\"https:\/\/furkaneracademy.com\/index.php\/urun\/3-aylik-online-kocluk-farmakolojik-ve-ozel-ilac-tavsiyeli\/\" \/>\n<meta property=\"og:locale\" content=\"tr_TR\" \/>\n<meta property=\"og:type\" content=\"article\" \/>\n<meta property=\"og:title\" content=\"3 Ayl\u0131k Online Ko\u00e7luk (Farmakolojik ve \u00d6zel \u0130la\u00e7 Tavsiyeli) | Furkan Er IFBB Pro Athlete\" \/>\n<meta property=\"og:description\" content=\"Furkan Er taraf\u0131ndan:   Ki\u015fiye \u00f6zel ve hedefe y\u00f6nelik haz\u0131rlanm\u0131\u015f antrenman ve beslenme program\u0131  Hedefe y\u00f6nelik kardiyo planlanmas\u0131  Supplement planlamas\u0131  Haftal\u0131k d\u00fczenli form kontrol, g\u00fcncel planlamalar\u0131n de\u011ferlendirilmesi ve revizelerin yap\u0131lmas\u0131   Whatsapp \u00fczerinden ekip \u00fcyeleri ile birlikte ileti\u015fim   Kan testi kontrol\u00fc ve gerekli m\u00fcdaheleler  Ki\u015fiye ve hedefe y\u00f6nelik \u00f6zel ila\u00e7 planlanmas\u0131  Havale \u0130le \u00f6demede %10 indirim\" \/>\n<meta property=\"og:url\" content=\"https:\/\/furkaneracademy.com\/index.php\/urun\/3-aylik-online-kocluk-farmakolojik-ve-ozel-ilac-tavsiyeli\/\" \/>\n<meta property=\"og:site_name\" content=\"Furkan Er IFBB Pro Athlete\" \/>\n<meta property=\"article:modified_time\" content=\"2026-02-01T17:37:09+00:00\" \/>\n<meta property=\"og:image\" content=\"https:\/\/furkaneracademy.com\/wp-content\/uploads\/2023\/07\/3aylik-ilacli.jpg\" \/>\n\t<meta property=\"og:image:width\" content=\"2000\" \/>\n\t<meta property=\"og:image:height\" content=\"2000\" \/>\n\t<meta property=\"og:image:type\" content=\"image\/jpeg\" \/>\n<meta name=\"twitter:card\" content=\"summary_large_image\" \/>\n<meta name=\"twitter:label1\" content=\"Tahmini okuma s\u00fcresi\" \/>\n\t<meta name=\"twitter:data1\" content=\"1 dakika\" \/>\n<script type=\"application\/ld+json\" class=\"yoast-schema-graph\">{\"@context\":\"https:\\\/\\\/schema.org\",\"@graph\":[{\"@type\":\"WebPage\",\"@id\":\"https:\\\/\\\/furkaneracademy.com\\\/index.php\\\/urun\\\/3-aylik-online-kocluk-farmakolojik-ve-ozel-ilac-tavsiyeli\\\/\",\"url\":\"https:\\\/\\\/furkaneracademy.com\\\/index.php\\\/urun\\\/3-aylik-online-kocluk-farmakolojik-ve-ozel-ilac-tavsiyeli\\\/\",\"name\":\"3 Ayl\u0131k Online Ko\u00e7luk (Farmakolojik ve \u00d6zel \u0130la\u00e7 Tavsiyeli) | Furkan Er IFBB Pro Athlete\",\"isPartOf\":{\"@id\":\"https:\\\/\\\/furkaneracademy.com\\\/#website\"},\"primaryImageOfPage\":{\"@id\":\"https:\\\/\\\/furkaneracademy.com\\\/index.php\\\/urun\\\/3-aylik-online-kocluk-farmakolojik-ve-ozel-ilac-tavsiyeli\\\/#primaryimage\"},\"image\":{\"@id\":\"https:\\\/\\\/furkaneracademy.com\\\/index.php\\\/urun\\\/3-aylik-online-kocluk-farmakolojik-ve-ozel-ilac-tavsiyeli\\\/#primaryimage\"},\"thumbnailUrl\":\"https:\\\/\\\/furkaneracademy.com\\\/wp-content\\\/uploads\\\/2023\\\/07\\\/3aylik-ilacli.jpg\",\"datePublished\":\"2023-07-03T11:07:24+00:00\",\"dateModified\":\"2026-02-01T17:37:09+00:00\",\"breadcrumb\":{\"@id\":\"https:\\\/\\\/furkaneracademy.com\\\/index.php\\\/urun\\\/3-aylik-online-kocluk-farmakolojik-ve-ozel-ilac-tavsiyeli\\\/#breadcrumb\"},\"inLanguage\":\"tr\",\"potentialAction\":[{\"@type\":\"ReadAction\",\"target\":[\"https:\\\/\\\/furkaneracademy.com\\\/index.php\\\/urun\\\/3-aylik-online-kocluk-farmakolojik-ve-ozel-ilac-tavsiyeli\\\/\"]}]},{\"@type\":\"ImageObject\",\"inLanguage\":\"tr\",\"@id\":\"https:\\\/\\\/furkaneracademy.com\\\/index.php\\\/urun\\\/3-aylik-online-kocluk-farmakolojik-ve-ozel-ilac-tavsiyeli\\\/#primaryimage\",\"url\":\"https:\\\/\\\/furkaneracademy.com\\\/wp-content\\\/uploads\\\/2023\\\/07\\\/3aylik-ilacli.jpg\",\"contentUrl\":\"https:\\\/\\\/furkaneracademy.com\\\/wp-content\\\/uploads\\\/2023\\\/07\\\/3aylik-ilacli.jpg\",\"width\":2000,\"height\":2000},{\"@type\":\"BreadcrumbList\",\"@id\":\"https:\\\/\\\/furkaneracademy.com\\\/index.php\\\/urun\\\/3-aylik-online-kocluk-farmakolojik-ve-ozel-ilac-tavsiyeli\\\/#breadcrumb\",\"itemListElement\":[{\"@type\":\"ListItem\",\"position\":1,\"name\":\"Anasayfa\",\"item\":\"https:\\\/\\\/furkaneracademy.com\\\/\"},{\"@type\":\"ListItem\",\"position\":2,\"name\":\"E\u011fitimler\",\"item\":\"https:\\\/\\\/furkaneracademy.com\\\/index.php\\\/egitimler\\\/\"},{\"@type\":\"ListItem\",\"position\":3,\"name\":\"3 Ayl\u0131k Online Ko\u00e7luk (Farmakolojik ve \u00d6zel \u0130la\u00e7 Tavsiyeli)\"}]},{\"@type\":\"WebSite\",\"@id\":\"https:\\\/\\\/furkaneracademy.com\\\/#website\",\"url\":\"https:\\\/\\\/furkaneracademy.com\\\/\",\"name\":\"Furkan Er | IFBB Pro Athlete\",\"description\":\"Be F\u0131t With Furkan Er\",\"potentialAction\":[{\"@type\":\"SearchAction\",\"target\":{\"@type\":\"EntryPoint\",\"urlTemplate\":\"https:\\\/\\\/furkaneracademy.com\\\/?s={search_term_string}\"},\"query-input\":{\"@type\":\"PropertyValueSpecification\",\"valueRequired\":true,\"valueName\":\"search_term_string\"}}],\"inLanguage\":\"tr\"}]}<\/script>\n<!-- \/ Yoast SEO plugin. -->","yoast_head_json":{"title":"3 Ayl\u0131k Online Ko\u00e7luk (Farmakolojik ve \u00d6zel \u0130la\u00e7 Tavsiyeli) | Furkan Er IFBB Pro Athlete","robots":{"index":"index","follow":"follow","max-snippet":"max-snippet:-1","max-image-preview":"max-image-preview:large","max-video-preview":"max-video-preview:-1"},"canonical":"https:\/\/furkaneracademy.com\/index.php\/urun\/3-aylik-online-kocluk-farmakolojik-ve-ozel-ilac-tavsiyeli\/","og_locale":"tr_TR","og_type":"article","og_title":"3 Ayl\u0131k Online Ko\u00e7luk (Farmakolojik ve \u00d6zel \u0130la\u00e7 Tavsiyeli) | Furkan Er IFBB Pro Athlete","og_description":"Furkan Er taraf\u0131ndan:   Ki\u015fiye \u00f6zel ve hedefe y\u00f6nelik haz\u0131rlanm\u0131\u015f antrenman ve beslenme program\u0131  Hedefe y\u00f6nelik kardiyo planlanmas\u0131  Supplement planlamas\u0131  Haftal\u0131k d\u00fczenli form kontrol, g\u00fcncel planlamalar\u0131n de\u011ferlendirilmesi ve revizelerin yap\u0131lmas\u0131   Whatsapp \u00fczerinden ekip \u00fcyeleri ile birlikte ileti\u015fim   Kan testi kontrol\u00fc ve gerekli m\u00fcdaheleler  Ki\u015fiye ve hedefe y\u00f6nelik \u00f6zel ila\u00e7 planlanmas\u0131  Havale \u0130le \u00f6demede %10 indirim","og_url":"https:\/\/furkaneracademy.com\/index.php\/urun\/3-aylik-online-kocluk-farmakolojik-ve-ozel-ilac-tavsiyeli\/","og_site_name":"Furkan Er IFBB Pro Athlete","article_modified_time":"2026-02-01T17:37:09+00:00","og_image":[{"width":2000,"height":2000,"url":"https:\/\/furkaneracademy.com\/wp-content\/uploads\/2023\/07\/3aylik-ilacli.jpg","type":"image\/jpeg"}],"twitter_card":"summary_large_image","twitter_misc":{"Tahmini okuma s\u00fcresi":"1 dakika"},"schema":{"@context":"https:\/\/schema.org","@graph":[{"@type":"WebPage","@id":"https:\/\/furkaneracademy.com\/index.php\/urun\/3-aylik-online-kocluk-farmakolojik-ve-ozel-ilac-tavsiyeli\/","url":"https:\/\/furkaneracademy.com\/index.php\/urun\/3-aylik-online-kocluk-farmakolojik-ve-ozel-ilac-tavsiyeli\/","name":"3 Ayl\u0131k Online Ko\u00e7luk (Farmakolojik ve \u00d6zel \u0130la\u00e7 Tavsiyeli) | Furkan Er IFBB Pro Athlete","isPartOf":{"@id":"https:\/\/furkaneracademy.com\/#website"},"primaryImageOfPage":{"@id":"https:\/\/furkaneracademy.com\/index.php\/urun\/3-aylik-online-kocluk-farmakolojik-ve-ozel-ilac-tavsiyeli\/#primaryimage"},"image":{"@id":"https:\/\/furkaneracademy.com\/index.php\/urun\/3-aylik-online-kocluk-farmakolojik-ve-ozel-ilac-tavsiyeli\/#primaryimage"},"thumbnailUrl":"https:\/\/furkaneracademy.com\/wp-content\/uploads\/2023\/07\/3aylik-ilacli.jpg","datePublished":"2023-07-03T11:07:24+00:00","dateModified":"2026-02-01T17:37:09+00:00","breadcrumb":{"@id":"https:\/\/furkaneracademy.com\/index.php\/urun\/3-aylik-online-kocluk-farmakolojik-ve-ozel-ilac-tavsiyeli\/#breadcrumb"},"inLanguage":"tr","potentialAction":[{"@type":"ReadAction","target":["https:\/\/furkaneracademy.com\/index.php\/urun\/3-aylik-online-kocluk-farmakolojik-ve-ozel-ilac-tavsiyeli\/"]}]},{"@type":"ImageObject","inLanguage":"tr","@id":"https:\/\/furkaneracademy.com\/index.php\/urun\/3-aylik-online-kocluk-farmakolojik-ve-ozel-ilac-tavsiyeli\/#primaryimage","url":"https:\/\/furkaneracademy.com\/wp-content\/uploads\/2023\/07\/3aylik-ilacli.jpg","contentUrl":"https:\/\/furkaneracademy.com\/wp-content\/uploads\/2023\/07\/3aylik-ilacli.jpg","width":2000,"height":2000},{"@type":"BreadcrumbList","@id":"https:\/\/furkaneracademy.com\/index.php\/urun\/3-aylik-online-kocluk-farmakolojik-ve-ozel-ilac-tavsiyeli\/#breadcrumb","itemListElement":[{"@type":"ListItem","position":1,"name":"Anasayfa","item":"https:\/\/furkaneracademy.com\/"},{"@type":"ListItem","position":2,"name":"E\u011fitimler","item":"https:\/\/furkaneracademy.com\/index.php\/egitimler\/"},{"@type":"ListItem","position":3,"name":"3 Ayl\u0131k Online Ko\u00e7luk (Farmakolojik ve \u00d6zel \u0130la\u00e7 Tavsiyeli)"}]},{"@type":"WebSite","@id":"https:\/\/furkaneracademy.com\/#website","url":"https:\/\/furkaneracademy.com\/","name":"Furkan Er | IFBB Pro Athlete","description":"Be F\u0131t With Furkan Er","potentialAction":[{"@type":"SearchAction","target":{"@type":"EntryPoint","urlTemplate":"https:\/\/furkaneracademy.com\/?s={search_term_string}"},"query-input":{"@type":"PropertyValueSpecification","valueRequired":true,"valueName":"search_term_string"}}],"inLanguage":"tr"}]}},"_links":{"self":[{"href":"https:\/\/furkaneracademy.com\/index.php\/wp-json\/wp\/v2\/product\/9709","targetHints":{"allow":["GET"]}}],"collection":[{"href":"https:\/\/furkaneracademy.com\/index.php\/wp-json\/wp\/v2\/product"}],"about":[{"href":"https:\/\/furkaneracademy.com\/index.php\/wp-json\/wp\/v2\/types\/product"}],"wp:featuredmedia":[{"embeddable":true,"href":"https:\/\/furkaneracademy.com\/index.php\/wp-json\/wp\/v2\/media\/9710"}],"wp:attachment":[{"href":"https:\/\/furkaneracademy.com\/index.php\/wp-json\/wp\/v2\/media?parent=9709"}],"wp:term":[{"taxonomy":"product_brand","embeddable":true,"href":"https:\/\/furkaneracademy.com\/index.php\/wp-json\/wp\/v2\/product_brand?post=9709"},{"taxonomy":"product_cat","embeddable":true,"href":"https:\/\/furkaneracademy.com\/index.php\/wp-json\/wp\/v2\/product_cat?post=9709"},{"taxonomy":"product_tag","embeddable":true,"href":"https:\/\/furkaneracademy.com\/index.php\/wp-json\/wp\/v2\/product_tag?post=9709"}],"curies":[{"name":"wp","href":"https:\/\/api.w.org\/{rel}","templated":true}]}}