{"id":9608,"date":"2023-07-02T12:10:24","date_gmt":"2023-07-02T09:10:24","guid":{"rendered":"https:\/\/furkaneracademy.com\/?page_id=9608"},"modified":"2023-07-03T22:15:46","modified_gmt":"2023-07-03T19:15:46","slug":"markalarim","status":"publish","type":"page","link":"https:\/\/furkaneracademy.com\/index.php\/markalarim\/","title":{"rendered":"Markalar\u0131m"},"content":{"rendered":"<section class=\"wpb-content-wrapper\"><p>[vc_section full_width=&#8221;stretch_row&#8221; woodmart_bg_position=&#8221;center-center&#8221; css=&#8221;.vc_custom_1628163982664{padding-top: 75px !important;background-image: url(https:\/\/furkaneracademy.com\/wp-content\/uploads\/2023\/07\/jewellery-vertical-line-bg.png) !important;background-position: 0 0 !important;background-repeat: repeat !important;}&#8221; woodmart_css_id=&#8221;610bcf88e7113&#8243; responsive_spacing=&#8221;eyJwYXJhbV90eXBlIjoid29vZG1hcnRfcmVzcG9uc2l2ZV9zcGFjaW5nIiwic2VsZWN0b3JfaWQiOiI2MTBiY2Y4OGU3MTEzIiwic2hvcnRjb2RlIjoidmNfc2VjdGlvbiIsImRhdGEiOnsidGFibGV0Ijp7fSwibW9iaWxlIjp7InBhZGRpbmctdG9wIjoiNjAifX19&#8243; mobile_bg_img_hidden=&#8221;yes&#8221; tablet_bg_img_hidden=&#8221;no&#8221; woodmart_parallax=&#8221;0&#8243; woodmart_gradient_switch=&#8221;no&#8221; woodmart_disable_overflow=&#8221;0&#8243;][vc_row full_width=&#8221;stretch_row&#8221; content_placement=&#8221;middle&#8221; woodmart_bg_position=&#8221;center-center&#8221; css=&#8221;.vc_custom_1688411715442{margin-bottom: 35px !important;background-position: 0 0 !important;background-repeat: no-repeat !important;}&#8221; woodmart_css_id=&#8221;64a31e4121d8c&#8221; responsive_spacing=&#8221;eyJwYXJhbV90eXBlIjoid29vZG1hcnRfcmVzcG9uc2l2ZV9zcGFjaW5nIiwic2VsZWN0b3JfaWQiOiI2NGEzMWU0MTIxZDhjIiwic2hvcnRjb2RlIjoidmNfcm93IiwiZGF0YSI6eyJ0YWJsZXQiOnt9LCJtb2JpbGUiOnsibWFyZ2luLWJvdHRvbSI6IjI1cHgifX19&#8243; mobile_bg_img_hidden=&#8221;no&#8221; tablet_bg_img_hidden=&#8221;no&#8221; woodmart_parallax=&#8221;0&#8243; woodmart_gradient_switch=&#8221;no&#8221; row_reverse_mobile=&#8221;0&#8243; row_reverse_tablet=&#8221;0&#8243; woodmart_disable_overflow=&#8221;0&#8243; woodmart_box_shadow=&#8221;no&#8221; wd_z_index=&#8221;no&#8221;][vc_column width=&#8221;1\/2&#8243; css=&#8221;.vc_custom_1628163838260{margin-bottom: 40px !important;padding-top: 0px !important;}&#8221; woodmart_css_id=&#8221;610bcef8f0d90&#8243; responsive_spacing=&#8221;eyJwYXJhbV90eXBlIjoid29vZG1hcnRfcmVzcG9uc2l2ZV9zcGFjaW5nIiwic2VsZWN0b3JfaWQiOiI2MTBiY2VmOGYwZDkwIiwic2hvcnRjb2RlIjoidmNfY29sdW1uIiwiZGF0YSI6eyJ0YWJsZXQiOnt9LCJtb2JpbGUiOnt9fX0=&#8221; parallax_scroll=&#8221;no&#8221; mobile_bg_img_hidden=&#8221;no&#8221; tablet_bg_img_hidden=&#8221;no&#8221; woodmart_parallax=&#8221;0&#8243; woodmart_sticky_column=&#8221;false&#8221; mobile_reset_margin=&#8221;no&#8221; tablet_reset_margin=&#8221;no&#8221;]\t\t<div id=\"wd-64a2ea435fdbd\" class=\"wd-image wd-wpb wd-rs-64a2ea435fdbd text-center vc_custom_1688398418352\">\n\t\t\t\n\t\t\t<img loading=\"lazy\" decoding=\"async\" width=\"1080\" height=\"1080\" src=\"https:\/\/furkaneracademy.com\/wp-content\/uploads\/2023\/07\/Hero-Kas-Kazanim-Kombinasyonu-2.webp\" class=\"attachment-full size-full\" alt=\"\" srcset=\"https:\/\/furkaneracademy.com\/wp-content\/uploads\/2023\/07\/Hero-Kas-Kazanim-Kombinasyonu-2.webp 1080w, https:\/\/furkaneracademy.com\/wp-content\/uploads\/2023\/07\/Hero-Kas-Kazanim-Kombinasyonu-2-300x300.webp 300w, https:\/\/furkaneracademy.com\/wp-content\/uploads\/2023\/07\/Hero-Kas-Kazanim-Kombinasyonu-2-800x800.webp 800w, https:\/\/furkaneracademy.com\/wp-content\/uploads\/2023\/07\/Hero-Kas-Kazanim-Kombinasyonu-2-150x150.webp 150w, https:\/\/furkaneracademy.com\/wp-content\/uploads\/2023\/07\/Hero-Kas-Kazanim-Kombinasyonu-2-768x768.webp 768w, https:\/\/furkaneracademy.com\/wp-content\/uploads\/2023\/07\/Hero-Kas-Kazanim-Kombinasyonu-2-860x860.webp 860w, https:\/\/furkaneracademy.com\/wp-content\/uploads\/2023\/07\/Hero-Kas-Kazanim-Kombinasyonu-2-430x430.webp 430w, https:\/\/furkaneracademy.com\/wp-content\/uploads\/2023\/07\/Hero-Kas-Kazanim-Kombinasyonu-2-700x700.webp 700w\" sizes=\"auto, (max-width: 1080px) 100vw, 1080px\" \/>\n\t\t\t\t\t<\/div>\n\t\t[\/vc_column][vc_column width=&#8221;1\/2&#8243; woodmart_text_align=&#8221;center&#8221; css=&#8221;.vc_custom_1628163844572{margin-bottom: 30px !important;padding-top: 0px !important;}&#8221; woodmart_css_id=&#8221;610bcf006bac5&#8243; responsive_spacing=&#8221;eyJwYXJhbV90eXBlIjoid29vZG1hcnRfcmVzcG9uc2l2ZV9zcGFjaW5nIiwic2VsZWN0b3JfaWQiOiI2MTBiY2YwMDZiYWM1Iiwic2hvcnRjb2RlIjoidmNfY29sdW1uIiwiZGF0YSI6eyJ0YWJsZXQiOnt9LCJtb2JpbGUiOnt9fX0=&#8221; parallax_scroll=&#8221;no&#8221; mobile_bg_img_hidden=&#8221;no&#8221; tablet_bg_img_hidden=&#8221;no&#8221; woodmart_parallax=&#8221;0&#8243; woodmart_sticky_column=&#8221;false&#8221; mobile_reset_margin=&#8221;no&#8221; tablet_reset_margin=&#8221;no&#8221;]\t\t<div id=\"wd-64a2eadab374a\" class=\"wd-image wd-wpb wd-rs-64a2eadab374a text-center \">\n\t\t\t\n\t\t\t<img decoding=\"async\"  src=\"https:\/\/furkaneracademy.com\/wp-content\/uploads\/2023\/06\/hero-mega.svg\" title=\"hero-mega\" loading=\"lazy\" width=\"150\" height=\"60\">\n\t\t\t\t\t<\/div>\n\t\t\n\t\t<div id=\"wd-64a2eb22784f0\" class=\"title-wrapper wd-wpb wd-set-mb reset-last-child  wd-rs-64a2eb22784f0 wd-title-color-default wd-title-style-default text-center vc_custom_1688398649402 wd-width-custom wd-title-empty wd-underline-colored\">\n\t\t\t\n\t\t\t<div class=\"liner-continer\">\n\t\t\t\t<h4 class=\"woodmart-title-container title  wd-font-weight- wd-fontsize-l\" ><\/h4>\n\t\t\t\t\t\t\t<\/div>\n\t\t\t\n\t\t\t\t\t\t\t<div class=\"title-after_title reset-last-child  wd-fontsize-xs\">\u0130nsan ya\u015fam\u0131n\u0131 de\u011ferli k\u0131lan yenilik\u00e7i, zengin i\u00e7erikli \u00fcr\u00fcnler \u00fcreterek toplumun her kesiminden profesyonel ve amat\u00f6r sporcular ve sa\u011fl\u0131kl\u0131 ya\u015fam\u0131 hayatlar\u0131n\u0131n bir par\u00e7as\u0131 haline getirmi\u015f bireylere y\u00fcksek kalitede ham madde ile \u00fcretilmi\u015f ve denetlenmi\u015f birinci s\u0131n\u0131f sporcu g\u0131dalar\u0131m\u0131z\u0131 ula\u015ft\u0131rmak i\u00e7in \u00e7al\u0131\u015f\u0131rken T\u00fcrkiye\u2019yi temsil eden farkl\u0131 bran\u015flardaki milli sporcular\u0131m\u0131za destek oluyoruz.<\/div>\n\t\t\t\n\t\t\t\n\t\t<\/div>\n\t\t\n\t\t<div id=\"wd-64a2eb05ef91a\" class=\" wd-rs-64a2eb05ef91a  wd-button-wrapper text-center inline-element\"><a href=\"https:\/\/heromega.com.tr\/\" title=\"\" style=\"--btn-color:#fff;--btn-color-hover:#fff;\" class=\"btn btn-style-default btn-shape-semi-round btn-size-default\">\u00dcr\u00fcnleri \u0130ncele<\/a><\/div>[\/vc_column][\/vc_row][\/vc_section][vc_section full_width=&#8221;stretch_row&#8221; woodmart_bg_position=&#8221;center-center&#8221; css=&#8221;.vc_custom_1628163982664{padding-top: 75px !important;background-image: url(https:\/\/furkaneracademy.com\/wp-content\/uploads\/2023\/07\/jewellery-vertical-line-bg.png) !important;background-position: 0 0 !important;background-repeat: repeat !important;}&#8221; woodmart_css_id=&#8221;610bcf88e7113&#8243; responsive_spacing=&#8221;eyJwYXJhbV90eXBlIjoid29vZG1hcnRfcmVzcG9uc2l2ZV9zcGFjaW5nIiwic2VsZWN0b3JfaWQiOiI2MTBiY2Y4OGU3MTEzIiwic2hvcnRjb2RlIjoidmNfc2VjdGlvbiIsImRhdGEiOnsidGFibGV0Ijp7fSwibW9iaWxlIjp7InBhZGRpbmctdG9wIjoiNjAifX19&#8243; mobile_bg_img_hidden=&#8221;yes&#8221; tablet_bg_img_hidden=&#8221;no&#8221; woodmart_parallax=&#8221;0&#8243; woodmart_gradient_switch=&#8221;no&#8221; woodmart_disable_overflow=&#8221;0&#8243;][vc_row full_width=&#8221;stretch_row&#8221; content_placement=&#8221;middle&#8221; woodmart_bg_position=&#8221;center-center&#8221; css=&#8221;.vc_custom_1688411725649{margin-bottom: 35px !important;background-position: 0 0 !important;background-repeat: no-repeat !important;}&#8221; woodmart_css_id=&#8221;64a31e4b71cd3&#8243; responsive_spacing=&#8221;eyJwYXJhbV90eXBlIjoid29vZG1hcnRfcmVzcG9uc2l2ZV9zcGFjaW5nIiwic2VsZWN0b3JfaWQiOiI2NGEzMWU0YjcxY2QzIiwic2hvcnRjb2RlIjoidmNfcm93IiwiZGF0YSI6eyJ0YWJsZXQiOnt9LCJtb2JpbGUiOnsibWFyZ2luLWJvdHRvbSI6IjI1cHgifX19&#8243; mobile_bg_img_hidden=&#8221;no&#8221; tablet_bg_img_hidden=&#8221;no&#8221; woodmart_parallax=&#8221;0&#8243; woodmart_gradient_switch=&#8221;no&#8221; row_reverse_mobile=&#8221;0&#8243; row_reverse_tablet=&#8221;0&#8243; woodmart_disable_overflow=&#8221;0&#8243; woodmart_box_shadow=&#8221;no&#8221; wd_z_index=&#8221;no&#8221;][vc_column width=&#8221;1\/2&#8243; css=&#8221;.vc_custom_1628163838260{margin-bottom: 40px !important;padding-top: 0px !important;}&#8221; woodmart_css_id=&#8221;610bcef8f0d90&#8243; responsive_spacing=&#8221;eyJwYXJhbV90eXBlIjoid29vZG1hcnRfcmVzcG9uc2l2ZV9zcGFjaW5nIiwic2VsZWN0b3JfaWQiOiI2MTBiY2VmOGYwZDkwIiwic2hvcnRjb2RlIjoidmNfY29sdW1uIiwiZGF0YSI6eyJ0YWJsZXQiOnt9LCJtb2JpbGUiOnt9fX0=&#8221; parallax_scroll=&#8221;no&#8221; mobile_bg_img_hidden=&#8221;no&#8221; tablet_bg_img_hidden=&#8221;no&#8221; woodmart_parallax=&#8221;0&#8243; woodmart_sticky_column=&#8221;false&#8221; mobile_reset_margin=&#8221;no&#8221; tablet_reset_margin=&#8221;no&#8221;]\t\t<div id=\"wd-64a2eb5b51c8d\" class=\"wd-image wd-wpb wd-rs-64a2eb5b51c8d text-center vc_custom_1688398692033\">\n\t\t\t\n\t\t\t<img loading=\"lazy\" decoding=\"async\" width=\"1200\" height=\"1200\" src=\"https:\/\/furkaneracademy.com\/wp-content\/uploads\/2023\/07\/PRODUCT-57F55401-07A4-49C6-9069-9BAF33BE075E.jpeg\" class=\"attachment-full size-full\" alt=\"\" srcset=\"https:\/\/furkaneracademy.com\/wp-content\/uploads\/2023\/07\/PRODUCT-57F55401-07A4-49C6-9069-9BAF33BE075E.jpeg 1200w, https:\/\/furkaneracademy.com\/wp-content\/uploads\/2023\/07\/PRODUCT-57F55401-07A4-49C6-9069-9BAF33BE075E-300x300.jpeg 300w, https:\/\/furkaneracademy.com\/wp-content\/uploads\/2023\/07\/PRODUCT-57F55401-07A4-49C6-9069-9BAF33BE075E-800x800.jpeg 800w, https:\/\/furkaneracademy.com\/wp-content\/uploads\/2023\/07\/PRODUCT-57F55401-07A4-49C6-9069-9BAF33BE075E-150x150.jpeg 150w, https:\/\/furkaneracademy.com\/wp-content\/uploads\/2023\/07\/PRODUCT-57F55401-07A4-49C6-9069-9BAF33BE075E-768x768.jpeg 768w, https:\/\/furkaneracademy.com\/wp-content\/uploads\/2023\/07\/PRODUCT-57F55401-07A4-49C6-9069-9BAF33BE075E-860x860.jpeg 860w, https:\/\/furkaneracademy.com\/wp-content\/uploads\/2023\/07\/PRODUCT-57F55401-07A4-49C6-9069-9BAF33BE075E-430x430.jpeg 430w, https:\/\/furkaneracademy.com\/wp-content\/uploads\/2023\/07\/PRODUCT-57F55401-07A4-49C6-9069-9BAF33BE075E-700x700.jpeg 700w\" sizes=\"auto, (max-width: 1200px) 100vw, 1200px\" \/>\n\t\t\t\t\t<\/div>\n\t\t[\/vc_column][vc_column width=&#8221;1\/2&#8243; woodmart_text_align=&#8221;center&#8221; css=&#8221;.vc_custom_1628163844572{margin-bottom: 30px !important;padding-top: 0px !important;}&#8221; woodmart_css_id=&#8221;610bcf006bac5&#8243; responsive_spacing=&#8221;eyJwYXJhbV90eXBlIjoid29vZG1hcnRfcmVzcG9uc2l2ZV9zcGFjaW5nIiwic2VsZWN0b3JfaWQiOiI2MTBiY2YwMDZiYWM1Iiwic2hvcnRjb2RlIjoidmNfY29sdW1uIiwiZGF0YSI6eyJ0YWJsZXQiOnt9LCJtb2JpbGUiOnt9fX0=&#8221; parallax_scroll=&#8221;no&#8221; mobile_bg_img_hidden=&#8221;no&#8221; tablet_bg_img_hidden=&#8221;no&#8221; woodmart_parallax=&#8221;0&#8243; woodmart_sticky_column=&#8221;false&#8221; mobile_reset_margin=&#8221;no&#8221; tablet_reset_margin=&#8221;no&#8221;]\t\t<div id=\"wd-64a2eb66cb901\" class=\"wd-image wd-wpb wd-rs-64a2eb66cb901 text-center \">\n\t\t\t\n\t\t\t<img decoding=\"async\"  src=\"https:\/\/furkaneracademy.com\/wp-content\/uploads\/2023\/06\/daha-fit-ol-small.svg\" title=\"daha-fit-ol-small\" loading=\"lazy\" width=\"150\" height=\"60\">\n\t\t\t\t\t<\/div>\n\t\t\n\t\t<div id=\"wd-64a2eb8085d65\" class=\"title-wrapper wd-wpb wd-set-mb reset-last-child  wd-rs-64a2eb8085d65 wd-title-color-default wd-title-style-default text-center vc_custom_1688398722603 wd-width-custom wd-title-empty wd-underline-colored\">\n\t\t\t\n\t\t\t<div class=\"liner-continer\">\n\t\t\t\t<h4 class=\"woodmart-title-container title  wd-font-weight- wd-fontsize-l\" ><\/h4>\n\t\t\t\t\t\t\t<\/div>\n\t\t\t\n\t\t\t\t\t\t\t<div class=\"title-after_title reset-last-child  wd-fontsize-xs\">B\u00fcnyemizdeki Profesyonel Milli Sporcular ve antren\u00f6rler ile beraber \u00e7ok hassas ve \u00f6nemli bir alan olan spor ve sporcu besinleri \u00fcretimi alan\u0131nda insan ya\u015fam\u0131n\u0131 daha sa\u011fl\u0131kl\u0131, de\u011ferli ve ya\u015fan\u0131l\u0131r hale getirebilmek i\u00e7in kaliteden \u00f6d\u00fcn vermeden ve ticari ahlak\u0131m\u0131z ile ``Ben sporcunun zeki, \u00e7evik ve ahlakl\u0131s\u0131n\u0131 severim`` s\u00f6z\u00fcn\u00fc feyz alarak alan\u0131m\u0131zda en iyisi olma yolunda emin ad\u0131mlarla ilerlemek g\u00fcven ve samimiyetle \u00f6nc\u00fc marka haline gelmek istiyor ve bu do\u011frultuda \u00e7al\u0131\u015fmalar\u0131m\u0131z\u0131 s\u00fcrd\u00fcr\u00fcyoruz.<\/div>\n\t\t\t\n\t\t\t\n\t\t<\/div>\n\t\t\n\t\t<div id=\"wd-64a2eba478353\" class=\" wd-rs-64a2eba478353  wd-button-wrapper text-center inline-element\"><a href=\"https:\/\/www.dahafitol.com\/tr\/\" title=\"\" style=\"--btn-color:#fff;--btn-color-hover:#fff;\" class=\"btn btn-style-default btn-shape-semi-round btn-size-default\">\u00dcr\u00fcnleri \u0130ncele<\/a><\/div>[\/vc_column][\/vc_row][\/vc_section]<\/p>\n<\/section>","protected":false},"excerpt":{"rendered":"<p>[vc_section full_width=&#8221;stretch_row&#8221; woodmart_bg_position=&#8221;center-center&#8221; css=&#8221;.vc_custom_1628163982664{padding-top: 75px !important;background-image: url(https:\/\/furkaneracademy.com\/wp-content\/uploads\/2023\/07\/jewellery-vertical-line-bg.png) !important;background-position: 0 0 !important;background-repeat: repeat !important;}&#8221; woodmart_css_id=&#8221;610bcf88e7113&#8243; responsive_spacing=&#8221;eyJwYXJhbV90eXBlIjoid29vZG1hcnRfcmVzcG9uc2l2ZV9zcGFjaW5nIiwic2VsZWN0b3JfaWQiOiI2MTBiY2Y4OGU3MTEzIiwic2hvcnRjb2RlIjoidmNfc2VjdGlvbiIsImRhdGEiOnsidGFibGV0Ijp7fSwibW9iaWxlIjp7InBhZGRpbmctdG9wIjoiNjAifX19&#8243; mobile_bg_img_hidden=&#8221;yes&#8221; tablet_bg_img_hidden=&#8221;no&#8221; woodmart_parallax=&#8221;0&#8243; woodmart_gradient_switch=&#8221;no&#8221; woodmart_disable_overflow=&#8221;0&#8243;][vc_row<\/p>\n","protected":false},"author":1,"featured_media":0,"parent":0,"menu_order":0,"comment_status":"closed","ping_status":"closed","template":"","meta":{"footnotes":""},"class_list":["post-9608","page","type-page","status-publish","hentry"],"yoast_head":"<!-- This site is optimized with the Yoast SEO plugin v27.5 - https:\/\/yoast.com\/product\/yoast-seo-wordpress\/ -->\n<title>Markalar\u0131m | Furkan Er IFBB Pro Athlete<\/title>\n<meta name=\"robots\" content=\"index, follow, max-snippet:-1, max-image-preview:large, max-video-preview:-1\" \/>\n<link rel=\"canonical\" href=\"https:\/\/furkaneracademy.com\/index.php\/markalarim\/\" \/>\n<meta property=\"og:locale\" content=\"tr_TR\" \/>\n<meta property=\"og:type\" content=\"article\" \/>\n<meta property=\"og:title\" content=\"Markalar\u0131m | Furkan Er IFBB Pro Athlete\" \/>\n<meta property=\"og:description\" content=\"[vc_section full_width=&#8221;stretch_row&#8221; woodmart_bg_position=&#8221;center-center&#8221; css=&#8221;.vc_custom_1628163982664{padding-top: 75px !important;background-image: url(https:\/\/furkaneracademy.com\/wp-content\/uploads\/2023\/07\/jewellery-vertical-line-bg.png) !important;background-position: 0 0 !important;background-repeat: repeat !important;}&#8221; woodmart_css_id=&#8221;610bcf88e7113&#8243; responsive_spacing=&#8221;eyJwYXJhbV90eXBlIjoid29vZG1hcnRfcmVzcG9uc2l2ZV9zcGFjaW5nIiwic2VsZWN0b3JfaWQiOiI2MTBiY2Y4OGU3MTEzIiwic2hvcnRjb2RlIjoidmNfc2VjdGlvbiIsImRhdGEiOnsidGFibGV0Ijp7fSwibW9iaWxlIjp7InBhZGRpbmctdG9wIjoiNjAifX19&#8243; mobile_bg_img_hidden=&#8221;yes&#8221; tablet_bg_img_hidden=&#8221;no&#8221; woodmart_parallax=&#8221;0&#8243; woodmart_gradient_switch=&#8221;no&#8221; woodmart_disable_overflow=&#8221;0&#8243;][vc_row\" \/>\n<meta property=\"og:url\" content=\"https:\/\/furkaneracademy.com\/index.php\/markalarim\/\" \/>\n<meta property=\"og:site_name\" content=\"Furkan Er IFBB Pro Athlete\" \/>\n<meta property=\"article:modified_time\" content=\"2023-07-03T19:15:46+00:00\" \/>\n<meta property=\"og:image\" content=\"https:\/\/furkaneracademy.com\/wp-content\/uploads\/2023\/07\/furkan-er-1.jpg\" \/>\n\t<meta property=\"og:image:width\" content=\"1920\" \/>\n\t<meta property=\"og:image:height\" content=\"820\" \/>\n\t<meta property=\"og:image:type\" content=\"image\/jpeg\" \/>\n<meta name=\"twitter:card\" content=\"summary_large_image\" \/>\n<meta name=\"twitter:label1\" content=\"Tahmini okuma s\u00fcresi\" \/>\n\t<meta name=\"twitter:data1\" content=\"8 dakika\" \/>\n<script type=\"application\/ld+json\" class=\"yoast-schema-graph\">{\"@context\":\"https:\\\/\\\/schema.org\",\"@graph\":[{\"@type\":\"WebPage\",\"@id\":\"https:\\\/\\\/furkaneracademy.com\\\/index.php\\\/markalarim\\\/\",\"url\":\"https:\\\/\\\/furkaneracademy.com\\\/index.php\\\/markalarim\\\/\",\"name\":\"Markalar\u0131m | Furkan Er IFBB Pro Athlete\",\"isPartOf\":{\"@id\":\"https:\\\/\\\/furkaneracademy.com\\\/#website\"},\"datePublished\":\"2023-07-02T09:10:24+00:00\",\"dateModified\":\"2023-07-03T19:15:46+00:00\",\"breadcrumb\":{\"@id\":\"https:\\\/\\\/furkaneracademy.com\\\/index.php\\\/markalarim\\\/#breadcrumb\"},\"inLanguage\":\"tr\",\"potentialAction\":[{\"@type\":\"ReadAction\",\"target\":[\"https:\\\/\\\/furkaneracademy.com\\\/index.php\\\/markalarim\\\/\"]}]},{\"@type\":\"BreadcrumbList\",\"@id\":\"https:\\\/\\\/furkaneracademy.com\\\/index.php\\\/markalarim\\\/#breadcrumb\",\"itemListElement\":[{\"@type\":\"ListItem\",\"position\":1,\"name\":\"Anasayfa\",\"item\":\"https:\\\/\\\/furkaneracademy.com\\\/\"},{\"@type\":\"ListItem\",\"position\":2,\"name\":\"Markalar\u0131m\"}]},{\"@type\":\"WebSite\",\"@id\":\"https:\\\/\\\/furkaneracademy.com\\\/#website\",\"url\":\"https:\\\/\\\/furkaneracademy.com\\\/\",\"name\":\"Furkan Er | IFBB Pro Athlete\",\"description\":\"Be F\u0131t With Furkan Er\",\"potentialAction\":[{\"@type\":\"SearchAction\",\"target\":{\"@type\":\"EntryPoint\",\"urlTemplate\":\"https:\\\/\\\/furkaneracademy.com\\\/?s={search_term_string}\"},\"query-input\":{\"@type\":\"PropertyValueSpecification\",\"valueRequired\":true,\"valueName\":\"search_term_string\"}}],\"inLanguage\":\"tr\"}]}<\/script>\n<!-- \/ Yoast SEO plugin. -->","yoast_head_json":{"title":"Markalar\u0131m | Furkan Er IFBB Pro Athlete","robots":{"index":"index","follow":"follow","max-snippet":"max-snippet:-1","max-image-preview":"max-image-preview:large","max-video-preview":"max-video-preview:-1"},"canonical":"https:\/\/furkaneracademy.com\/index.php\/markalarim\/","og_locale":"tr_TR","og_type":"article","og_title":"Markalar\u0131m | Furkan Er IFBB Pro Athlete","og_description":"[vc_section full_width=&#8221;stretch_row&#8221; woodmart_bg_position=&#8221;center-center&#8221; css=&#8221;.vc_custom_1628163982664{padding-top: 75px !important;background-image: url(https:\/\/furkaneracademy.com\/wp-content\/uploads\/2023\/07\/jewellery-vertical-line-bg.png) !important;background-position: 0 0 !important;background-repeat: repeat !important;}&#8221; woodmart_css_id=&#8221;610bcf88e7113&#8243; responsive_spacing=&#8221;eyJwYXJhbV90eXBlIjoid29vZG1hcnRfcmVzcG9uc2l2ZV9zcGFjaW5nIiwic2VsZWN0b3JfaWQiOiI2MTBiY2Y4OGU3MTEzIiwic2hvcnRjb2RlIjoidmNfc2VjdGlvbiIsImRhdGEiOnsidGFibGV0Ijp7fSwibW9iaWxlIjp7InBhZGRpbmctdG9wIjoiNjAifX19&#8243; mobile_bg_img_hidden=&#8221;yes&#8221; tablet_bg_img_hidden=&#8221;no&#8221; woodmart_parallax=&#8221;0&#8243; woodmart_gradient_switch=&#8221;no&#8221; woodmart_disable_overflow=&#8221;0&#8243;][vc_row","og_url":"https:\/\/furkaneracademy.com\/index.php\/markalarim\/","og_site_name":"Furkan Er IFBB Pro Athlete","article_modified_time":"2023-07-03T19:15:46+00:00","og_image":[{"width":1920,"height":820,"url":"https:\/\/furkaneracademy.com\/wp-content\/uploads\/2023\/07\/furkan-er-1.jpg","type":"image\/jpeg"}],"twitter_card":"summary_large_image","twitter_misc":{"Tahmini okuma s\u00fcresi":"8 dakika"},"schema":{"@context":"https:\/\/schema.org","@graph":[{"@type":"WebPage","@id":"https:\/\/furkaneracademy.com\/index.php\/markalarim\/","url":"https:\/\/furkaneracademy.com\/index.php\/markalarim\/","name":"Markalar\u0131m | Furkan Er IFBB Pro Athlete","isPartOf":{"@id":"https:\/\/furkaneracademy.com\/#website"},"datePublished":"2023-07-02T09:10:24+00:00","dateModified":"2023-07-03T19:15:46+00:00","breadcrumb":{"@id":"https:\/\/furkaneracademy.com\/index.php\/markalarim\/#breadcrumb"},"inLanguage":"tr","potentialAction":[{"@type":"ReadAction","target":["https:\/\/furkaneracademy.com\/index.php\/markalarim\/"]}]},{"@type":"BreadcrumbList","@id":"https:\/\/furkaneracademy.com\/index.php\/markalarim\/#breadcrumb","itemListElement":[{"@type":"ListItem","position":1,"name":"Anasayfa","item":"https:\/\/furkaneracademy.com\/"},{"@type":"ListItem","position":2,"name":"Markalar\u0131m"}]},{"@type":"WebSite","@id":"https:\/\/furkaneracademy.com\/#website","url":"https:\/\/furkaneracademy.com\/","name":"Furkan Er | IFBB Pro Athlete","description":"Be F\u0131t With Furkan Er","potentialAction":[{"@type":"SearchAction","target":{"@type":"EntryPoint","urlTemplate":"https:\/\/furkaneracademy.com\/?s={search_term_string}"},"query-input":{"@type":"PropertyValueSpecification","valueRequired":true,"valueName":"search_term_string"}}],"inLanguage":"tr"}]}},"_links":{"self":[{"href":"https:\/\/furkaneracademy.com\/index.php\/wp-json\/wp\/v2\/pages\/9608","targetHints":{"allow":["GET"]}}],"collection":[{"href":"https:\/\/furkaneracademy.com\/index.php\/wp-json\/wp\/v2\/pages"}],"about":[{"href":"https:\/\/furkaneracademy.com\/index.php\/wp-json\/wp\/v2\/types\/page"}],"author":[{"embeddable":true,"href":"https:\/\/furkaneracademy.com\/index.php\/wp-json\/wp\/v2\/users\/1"}],"replies":[{"embeddable":true,"href":"https:\/\/furkaneracademy.com\/index.php\/wp-json\/wp\/v2\/comments?post=9608"}],"version-history":[{"count":4,"href":"https:\/\/furkaneracademy.com\/index.php\/wp-json\/wp\/v2\/pages\/9608\/revisions"}],"predecessor-version":[{"id":9794,"href":"https:\/\/furkaneracademy.com\/index.php\/wp-json\/wp\/v2\/pages\/9608\/revisions\/9794"}],"wp:attachment":[{"href":"https:\/\/furkaneracademy.com\/index.php\/wp-json\/wp\/v2\/media?parent=9608"}],"curies":[{"name":"wp","href":"https:\/\/api.w.org\/{rel}","templated":true}]}}