{"id":10286,"date":"2025-01-08T01:31:03","date_gmt":"2025-01-07T22:31:03","guid":{"rendered":"https:\/\/furkaneracademy.com\/?page_id=10286"},"modified":"2025-01-08T15:07:10","modified_gmt":"2025-01-08T12:07:10","slug":"form-gonderildi","status":"publish","type":"page","link":"https:\/\/furkaneracademy.com\/index.php\/form-gonderildi\/","title":{"rendered":"Form G\u00f6nderildi"},"content":{"rendered":"<section class=\"wpb-content-wrapper\"><p>[vc_row css=&#8221;.vc_custom_1736292585536{padding-top: 0px !important;padding-right: 0px !important;padding-bottom: 0px !important;padding-left: 0px !important;}&#8221; woodmart_css_id=&#8221;677db8deba35b&#8221; responsive_spacing=&#8221;eyJwYXJhbV90eXBlIjoid29vZG1hcnRfcmVzcG9uc2l2ZV9zcGFjaW5nIiwic2VsZWN0b3JfaWQiOiI2NzdkYjhkZWJhMzViIiwic2hvcnRjb2RlIjoidmNfcm93IiwiZGF0YSI6eyJ0YWJsZXQiOnt9LCJtb2JpbGUiOnt9fX0=&#8221; mobile_bg_img_hidden=&#8221;no&#8221; tablet_bg_img_hidden=&#8221;no&#8221; woodmart_parallax=&#8221;0&#8243; woodmart_gradient_switch=&#8221;no&#8221; woodmart_box_shadow=&#8221;no&#8221; wd_z_index=&#8221;no&#8221; woodmart_disable_overflow=&#8221;0&#8243; row_reverse_mobile=&#8221;0&#8243; row_reverse_tablet=&#8221;0&#8243;][vc_column css=&#8221;.vc_custom_1736292566017{margin-bottom: 30px !important;border-top-width: 2px !important;border-right-width: 2px !important;border-bottom-width: 2px !important;border-left-width: 2px !important;padding-top: 15px !important;padding-right: 10px !important;padding-bottom: 0px !important;padding-left: 10px !important;background-color: #f0f5ee !important;border-left-color: #6dab3c !important;border-left-style: dashed !important;border-right-color: #6dab3c !important;border-right-style: dashed !important;border-top-color: #6dab3c !important;border-top-style: dashed !important;border-bottom-color: #6dab3c !important;border-bottom-style: dashed !important;border-radius: 10px !important;}&#8221; woodmart_css_id=&#8221;677db8b9a39b4&#8243; parallax_scroll=&#8221;no&#8221; woodmart_sticky_column=&#8221;false&#8221; wd_collapsible_content_switcher=&#8221;no&#8221; wd_column_role_offcanvas_desktop=&#8221;no&#8221; wd_column_role_offcanvas_tablet=&#8221;no&#8221; wd_column_role_offcanvas_mobile=&#8221;no&#8221; wd_column_role_content_desktop=&#8221;no&#8221; wd_column_role_content_tablet=&#8221;no&#8221; wd_column_role_content_mobile=&#8221;no&#8221; mobile_bg_img_hidden=&#8221;no&#8221; tablet_bg_img_hidden=&#8221;no&#8221; woodmart_parallax=&#8221;0&#8243; woodmart_box_shadow=&#8221;no&#8221; responsive_spacing=&#8221;eyJwYXJhbV90eXBlIjoid29vZG1hcnRfcmVzcG9uc2l2ZV9zcGFjaW5nIiwic2VsZWN0b3JfaWQiOiI2NzdkYjhiOWEzOWI0Iiwic2hvcnRjb2RlIjoidmNfY29sdW1uIiwiZGF0YSI6eyJ0YWJsZXQiOnt9LCJtb2JpbGUiOnt9fX0=&#8221; mobile_reset_margin=&#8221;no&#8221; tablet_reset_margin=&#8221;no&#8221; wd_z_index=&#8221;no&#8221;][vc_icon icon_fontawesome=&#8221;fas fa-check&#8221; color=&#8221;green&#8221; align=&#8221;center&#8221; css=&#8221;.vc_custom_1736289398733{margin-bottom: 0px !important;}&#8221;][vc_column_text woodmart_color_scheme=&#8221;dark&#8221; woodmart_inline=&#8221;no&#8221; text_larger=&#8221;no&#8221; css=&#8221;.vc_custom_1736337967888{border-top-width: 1px !important;border-right-width: 1px !important;border-bottom-width: 1px !important;border-left-width: 1px !important;padding-top: 15px !important;padding-right: 15px !important;padding-bottom: 15px !important;padding-left: 15px !important;border-left-color: #cccccc !important;border-right-color: #cccccc !important;border-top-color: #cccccc !important;border-bottom-color: #cccccc !important;border-radius: 5px !important;}&#8221;]<\/p>\n<p style=\"text-align: center;\"><span style=\"font-weight: 500; font-size: 22px; color: #6dab3c;\">\u00dccretsiz E-Kitab\u0131n\u0131z E-posta Adresinize G\u00f6nderildi!<\/span><\/p>\n<p>[\/vc_column_text][\/vc_column][\/vc_row][vc_row][vc_column width=&#8221;1\/2&#8243; woodmart_css_id=&#8221;677db9f758fe7&#8243; wd_column_role_offcanvas_desktop=&#8221;yes&#8221; wd_column_role_offcanvas_tablet=&#8221;no&#8221; wd_column_role_offcanvas_mobile=&#8221;no&#8221; wd_column_role_content_desktop=&#8221;yes&#8221; wd_column_role_content_tablet=&#8221;no&#8221; wd_column_role_content_mobile=&#8221;no&#8221; mobile_bg_img_hidden=&#8221;no&#8221; tablet_bg_img_hidden=&#8221;no&#8221; woodmart_parallax=&#8221;0&#8243; woodmart_box_shadow=&#8221;no&#8221; responsive_spacing=&#8221;eyJwYXJhbV90eXBlIjoid29vZG1hcnRfcmVzcG9uc2l2ZV9zcGFjaW5nIiwic2VsZWN0b3JfaWQiOiI2NzdkYjlmNzU4ZmU3Iiwic2hvcnRjb2RlIjoidmNfY29sdW1uIiwiZGF0YSI6eyJ0YWJsZXQiOnt9LCJtb2JpbGUiOnt9fX0=&#8221; mobile_reset_margin=&#8221;no&#8221; tablet_reset_margin=&#8221;no&#8221; wd_z_index=&#8221;no&#8221; parallax_scroll=&#8221;no&#8221; woodmart_sticky_column=&#8221;false&#8221; wd_collapsible_content_switcher=&#8221;no&#8221;][vc_column_text woodmart_color_scheme=&#8221;dark&#8221; woodmart_inline=&#8221;no&#8221; text_larger=&#8221;no&#8221; css=&#8221;.vc_custom_1736338002640{margin-bottom: 0px !important;border-top-width: 1px !important;border-right-width: 1px !important;border-bottom-width: 1px !important;border-left-width: 1px !important;padding-top: 15px !important;padding-right: 15px !important;padding-bottom: 15px !important;padding-left: 15px !important;border-left-color: #cccccc !important;border-right-color: #cccccc !important;border-top-color: #cccccc !important;border-bottom-color: #cccccc !important;border-radius: 10px !important;}&#8221;]<\/p>\n<div class=\"header-container\">\n<!-- Badge --><\/p>\n<div class=\"special-offer\">\n<p><span class=\"badge-text\">TEK SEFERL\u0130K TEKL\u0130F!<\/span><\/p>\n<div class=\"badge-ping\"><\/div>\n<\/div>\n<p><!-- Main Title --><\/p>\n<div class=\"title-container\">\n<h2 class=\"main-title\">3 AYLIK UZAKTAN E\u011e\u0130T\u0130M PAKET\u0130!<\/h2>\n<div class=\"title-divider\"><\/div>\n<h3 class=\"subtitle\">De\u011fi\u015fime Ba\u015flamak \u0130\u00e7in En Do\u011fru Yerdesin!<\/h3>\n<\/div>\n<\/div>\n<p>&nbsp;[\/vc_column_text][vc_column_text woodmart_color_scheme=&#8221;dark&#8221; woodmart_inline=&#8221;no&#8221; text_larger=&#8221;no&#8221; css=&#8221;.vc_custom_1736290574426{margin-top: 0px !important;margin-bottom: 0px !important;border-top-width: 1px !important;border-right-width: 1px !important;border-bottom-width: 1px !important;border-left-width: 1px !important;padding-top: 15px !important;padding-right: 15px !important;padding-bottom: 15px !important;padding-left: 15px !important;border-left-color: #cccccc !important;border-right-color: #cccccc !important;border-top-color: #cccccc !important;border-bottom-color: #cccccc !important;border-radius: 10px !important;}&#8221;]<\/p>\n<div class=\"countdown-container\">\n<div style=\"text-align: center;\">Kalan S\u00fcre:<\/div>\n<div id=\"timer\" class=\"timer\" style=\"text-align: center;\">10:00<\/div>\n<\/div>\n<p style=\"text-align: center;\">[\/vc_column_text][vc_column_text woodmart_color_scheme=&#8221;dark&#8221; woodmart_inline=&#8221;no&#8221; text_larger=&#8221;no&#8221; css=&#8221;.vc_custom_1736337796385{margin-top: 0px !important;margin-bottom: 0px !important;border-top-width: 1px !important;border-right-width: 1px !important;border-bottom-width: 1px !important;border-left-width: 1px !important;padding-top: 15px !important;padding-right: 15px !important;padding-bottom: 15px !important;padding-left: 15px !important;border-left-color: #cccccc !important;border-right-color: #cccccc !important;border-top-color: #cccccc !important;border-bottom-color: #cccccc !important;border-radius: 10px !important;}&#8221;]<\/p>\n<div style=\"font-size: 28px; text-align: center; display: flex; justify-content: center;\"><span style=\"text-decoration: line-through; color: #cecece; margin-right: 10px;\">6.500 \u20ba<\/span><br \/>\n<span style=\"color: #cd0000; font-weight: bold;\">3.300 \u20ba<\/span><\/div>\n<p>&nbsp;[\/vc_column_text][vc_row_inner][vc_column_inner width=&#8221;1\/2&#8243;]<div id=\"wd-677e69ef9b850\" class=\" wd-rs-677e69ef9b850  wd-button-wrapper text-center wd-collapsible-button\"><a href=\"https:\/\/wa.me\/+905423380595\" title=\"\" style=\"--btn-color:#fff;--btn-color-hover:#fff;\" class=\"btn btn-style-default btn-shape-round btn-size-extra-large btn-full-width btn-icon-pos-left\">SATIN AL<span class=\"wd-btn-icon\"><span class=\"wd-icon fab fa-whatsapp\"><\/span><\/span><\/a><\/div>[vc_column_text woodmart_color_scheme=&#8221;dark&#8221; woodmart_inline=&#8221;no&#8221; text_larger=&#8221;no&#8221; css=&#8221;.vc_custom_1736291627924{margin-bottom: 0px !important;border-top-width: 1px !important;border-right-width: 1px !important;border-bottom-width: 1px !important;border-left-width: 1px !important;padding-top: 15px !important;padding-right: 15px !important;padding-bottom: 15px !important;padding-left: 15px !important;border-left-color: #cccccc !important;border-right-color: #cccccc !important;border-top-color: #cccccc !important;border-bottom-color: #cccccc !important;border-radius: 10px !important;}&#8221;]<\/p>\n<p style=\"text-align: center;\">Havale \u0130le Ekstra %10 \u0130ndirim!<\/p>\n<p>[\/vc_column_text][\/vc_column_inner][\/vc_row_inner][vc_raw_js]JTNDc2NyaXB0JTNFJTIwJTJGJTJGJTIwJUMzJTg3ZXJleiUyMG9rdW1hJTIwZm9ua3NpeW9udSUwQWZ1bmN0aW9uJTIwZ2V0Q29va2llJTI4bmFtZSUyOSUyMCU3QiUwQSUyMCUyMCUyMCUyMGNvbnN0JTIwdmFsdWUlMjAlM0QlMjAlNjAlM0IlMjAlMjQlN0Jkb2N1bWVudC5jb29raWUlN0QlNjAlM0IlMEElMjAlMjAlMjAlMjBjb25zdCUyMHBhcnRzJTIwJTNEJTIwdmFsdWUuc3BsaXQlMjglNjAlM0IlMjAlMjQlN0JuYW1lJTdEJTNEJTYwJTI5JTNCJTBBJTIwJTIwJTIwJTIwaWYlMjAlMjhwYXJ0cy5sZW5ndGglMjAlM0QlM0QlM0QlMjAyJTI5JTIwcmV0dXJuJTIwcGFydHMucG9wJTI4JTI5LnNwbGl0JTI4JTI3JTNCJTI3JTI5LnNoaWZ0JTI4JTI5JTNCJTBBJTdEJTBBJTBBJTJGJTJGJTIwJUMzJTg3ZXJleiUyMHlhem1hJTIwZm9ua3NpeW9udSUwQWZ1bmN0aW9uJTIwc2V0Q29va2llJTI4bmFtZSUyQyUyMHZhbHVlJTJDJTIwbWludXRlcyUyOSUyMCU3QiUwQSUyMCUyMCUyMCUyMGNvbnN0JTIwZGF0ZSUyMCUzRCUyMG5ldyUyMERhdGUlMjglMjklM0IlMEElMjAlMjAlMjAlMjBkYXRlLnNldFRpbWUlMjhkYXRlLmdldFRpbWUlMjglMjklMjAlMkIlMjBtaW51dGVzJTIwJTJBJTIwNjAlMjAlMkElMjAxMDAwJTI5JTNCJTIwJTJGJTJGJTIwRGFraWtheSVDNCVCMSUyMG1pbGlzYW5peWV5ZSUyMCVDMyVBN2V2aXJpciUwQSUyMCUyMCUyMCUyMGRvY3VtZW50LmNvb2tpZSUyMCUzRCUyMCU2MCUyNCU3Qm5hbWUlN0QlM0QlMjQlN0J2YWx1ZSU3RCUzQiUyMGV4cGlyZXMlM0QlMjQlN0JkYXRlLnRvVVRDU3RyaW5nJTI4JTI5JTdEJTNCJTIwcGF0aCUzRCUyRiU2MCUzQiUwQSU3RCUwQSUwQSUyRiUyRiUyMFNheWElQzMlQTclMjBiYSVDNSU5RmxhbmclQzQlQjElQzMlQTclMjBzJUMzJUJDcmVzaSUyMCUyOHNhbml5ZSUyOSUwQWNvbnN0JTIwaW5pdGlhbENvdW50ZG93biUyMCUzRCUyMDYwMCUzQiUyMCUyRiUyRiUyMDEwJTIwZGFraWthJTBBbGV0JTIwY291bnRkb3duJTIwJTNEJTIwcGFyc2VJbnQlMjhnZXRDb29raWUlMjglMjdjb3VudGRvd24lMjclMjklMjklMjAlN0MlN0MlMjBpbml0aWFsQ291bnRkb3duJTNCJTBBbGV0JTIwdGltZXJBY3RpdmUlMjAlM0QlMjB0cnVlJTNCJTBBJTBBJTJGJTJGJTIwU2F5YSVDMyVBNyUyMGclQzMlQkNuY2VsbGVtZSUyMGZvbmtzaXlvbnUlMEFjb25zdCUyMHRpbWVyRWxlbWVudCUyMCUzRCUyMGRvY3VtZW50LmdldEVsZW1lbnRCeUlkJTI4JTI3dGltZXIlMjclMjklM0IlMEElMEFjb25zdCUyMGZvcm1hdFRpbWUlMjAlM0QlMjAlMjhzZWNvbmRzJTI5JTIwJTNEJTNFJTIwJTdCJTBBJTIwJTIwJTIwJTIwY29uc3QlMjBtaW51dGVzJTIwJTNEJTIwTWF0aC5mbG9vciUyOHNlY29uZHMlMjAlMkYlMjA2MCUyOSUzQiUwQSUyMCUyMCUyMCUyMGNvbnN0JTIwc2VjcyUyMCUzRCUyMHNlY29uZHMlMjAlMjUlMjA2MCUzQiUwQSUyMCUyMCUyMCUyMHJldHVybiUyMCU2MCUyNCU3Qm1pbnV0ZXMlN0QlM0ElMjQlN0JzZWNzJTIwJTNDJTIwMTAlMjAlM0YlMjAlMjcwJTI3JTIwJTNBJTIwJTI3JTI3JTdEJTI0JTdCc2VjcyU3RCU2MCUzQiUwQSU3RCUzQiUwQSUwQWNvbnN0JTIwdXBkYXRlVGltZXIlMjAlM0QlMjAlMjglMjklMjAlM0QlM0UlMjAlN0IlMEElMjAlMjAlMjAlMjBpZiUyMCUyOGNvdW50ZG93biUyMCUzQyUzRCUyMDAlMjklMjAlN0IlMEElMjAlMjAlMjAlMjAlMjAlMjAlMjAlMjBpZiUyMCUyOHRpbWVyQWN0aXZlJTI5JTIwJTdCJTBBJTIwJTIwJTIwJTIwJTIwJTIwJTIwJTIwJTIwJTIwJTIwJTIwdGltZXJFbGVtZW50LmlubmVySFRNTCUyMCUzRCUyMCUyMlMlQzMlQkNyZSUyMERvbGR1JTIxJTIyJTNCJTBBJTIwJTIwJTIwJTIwJTIwJTIwJTIwJTIwJTIwJTIwJTIwJTIwdGltZXJBY3RpdmUlMjAlM0QlMjBmYWxzZSUzQiUwQSUyMCUyMCUyMCUyMCUyMCUyMCUyMCUyMCUyMCUyMCUyMCUyMHNldENvb2tpZSUyOCUyN2NvdW50ZG93biUyNyUyQyUyMDAlMkMlMjA1JTI5JTNCJTIwJTJGJTJGJTIwNSUyMGRha2lrYSUyMHNvbnJhJTIweWVuaWRlbiUyMGJhJUM1JTlGbGF0JTBBJTIwJTIwJTIwJTIwJTIwJTIwJTIwJTIwJTIwJTIwJTIwJTIwc2V0VGltZW91dCUyOCUyOCUyOSUyMCUzRCUzRSUyMCU3QiUwQSUyMCUyMCUyMCUyMCUyMCUyMCUyMCUyMCUyMCUyMCUyMCUyMCUyMCUyMCUyMCUyMGNvdW50ZG93biUyMCUzRCUyMGluaXRpYWxDb3VudGRvd24lM0IlMEElMjAlMjAlMjAlMjAlMjAlMjAlMjAlMjAlMjAlMjAlMjAlMjAlMjAlMjAlMjAlMjB0aW1lckFjdGl2ZSUyMCUzRCUyMHRydWUlM0IlMEElMjAlMjAlMjAlMjAlMjAlMjAlMjAlMjAlMjAlMjAlMjAlMjAlMjAlMjAlMjAlMjBzZXRDb29raWUlMjglMjdjb3VudGRvd24lMjclMkMlMjBpbml0aWFsQ291bnRkb3duJTJDJTIwMTAlMjklM0IlMjAlMkYlMkYlMjBZZW5pJTIwZ2VyaSUyMHNheSVDNCVCMW0lMjAlQzMlQTdlcmV6aSUwQSUyMCUyMCUyMCUyMCUyMCUyMCUyMCUyMCUyMCUyMCUyMCUyMCU3RCUyQyUyMDUlMjAlMkElMjA2MCUyMCUyQSUyMDEwMDAlMjklM0IlMjAlMkYlMkYlMjA1JTIwZGFraWthJTIwYmVrbGUlMEElMjAlMjAlMjAlMjAlMjAlMjAlMjAlMjAlN0QlMEElMjAlMjAlMjAlMjAlMjAlMjAlMjAlMjByZXR1cm4lM0IlMEElMjAlMjAlMjAlMjAlN0QlMEElMjAlMjAlMjAlMjBjb3VudGRvd24tLSUzQiUwQSUyMCUyMCUyMCUyMHRpbWVyRWxlbWVudC5pbm5lckhUTUwlMjAlM0QlMjBmb3JtYXRUaW1lJTI4Y291bnRkb3duJTI5JTNCJTBBJTIwJTIwJTIwJTIwc2V0Q29va2llJTI4JTI3Y291bnRkb3duJTI3JTJDJTIwY291bnRkb3duJTJDJTIwMTAlMjklM0IlMjAlMkYlMkYlMjAlQzMlODdlcmV6aSUyMGhlciUyMHNhbml5ZSUyMGclQzMlQkNuY2VsbGUlMEElN0QlM0IlMEElMEElMkYlMkYlMjBTYXlhJUMzJUE3JTIwYmElQzUlOUZsYXRtYSUwQWNvbnN0JTIwdGltZXJJbnRlcnZhbCUyMCUzRCUyMHNldEludGVydmFsJTI4dXBkYXRlVGltZXIlMkMlMjAxMDAwJTI5JTNCJTBBJTBBJTNDJTJGc2NyaXB0JTNF[\/vc_raw_js][\/vc_column][vc_column width=&#8221;1\/2&#8243;][vc_single_image image=&#8221;9706&#8243; img_size=&#8221;full&#8221; parallax_scroll=&#8221;no&#8221; woodmart_inline=&#8221;no&#8221;]<div id=\"wd-677e69ef9b850\" class=\" wd-rs-677e69ef9b850  wd-button-wrapper text-center wd-collapsible-button\"><a href=\"https:\/\/wa.me\/+905423380595\" title=\"\" style=\"--btn-color:#fff;--btn-color-hover:#fff;\" class=\"btn btn-style-default btn-shape-round btn-size-extra-large btn-full-width btn-icon-pos-left\">SATIN AL<span class=\"wd-btn-icon\"><span class=\"wd-icon fab fa-whatsapp\"><\/span><\/span><\/a><\/div>[vc_column_text woodmart_color_scheme=&#8221;dark&#8221; woodmart_inline=&#8221;no&#8221; text_larger=&#8221;no&#8221; css=&#8221;.vc_custom_1736290031708{border-top-width: 1px !important;border-right-width: 1px !important;border-bottom-width: 1px !important;border-left-width: 1px !important;padding-top: 15px !important;padding-right: 15px !important;padding-bottom: 15px !important;padding-left: 15px !important;border-left-color: #cccccc !important;border-right-color: #cccccc !important;border-top-color: #cccccc !important;border-bottom-color: #cccccc !important;border-radius: 10px !important;}&#8221;]<\/p>\n<h2 style=\"font-size: 36px;\">\ud83c\udfaf Bu E\u011fitim Seti Kimler \u0130\u00e7in?<\/h2>\n<ul>\n<li>Yeni ba\u015flayan ve form \u00f6\u011frenmek istiyorsan\u0131z<\/li>\n<li>Profesyonel ve limitlerini zorlamak istiyorsan\u0131z<\/li>\n<li>Kilo problemi ya\u015f\u0131yor ve de\u011fi\u015fmek istiyorsan\u0131z<\/li>\n<li>Fit bir ya\u015fam tarz\u0131 edinmek istiyorsan\u0131z<\/li>\n<li>Kas k\u00fctlenizi art\u0131rmay\u0131 hedefliyorsan\u0131z<\/li>\n<li>Yar\u0131\u015fmaya haz\u0131rlan\u0131yorsan\u0131z<\/li>\n<\/ul>\n<p>[\/vc_column_text][\/vc_column][\/vc_row][vc_row][vc_column width=&#8221;1\/2&#8243;][vc_single_image image=&#8221;9698&#8243; img_size=&#8221;full&#8221; parallax_scroll=&#8221;no&#8221; woodmart_inline=&#8221;no&#8221;][vc_single_image image=&#8221;9700&#8243; img_size=&#8221;full&#8221; parallax_scroll=&#8221;no&#8221; woodmart_inline=&#8221;no&#8221;][vc_single_image image=&#8221;9702&#8243; img_size=&#8221;full&#8221; add_caption=&#8221;yes&#8221; parallax_scroll=&#8221;no&#8221; woodmart_inline=&#8221;no&#8221; title=&#8221;Furkan Er ile Birebir Whatsapp Destek&#8221;][\/vc_column][vc_column width=&#8221;1\/2&#8243;][vc_single_image image=&#8221;9699&#8243; img_size=&#8221;full&#8221; parallax_scroll=&#8221;no&#8221; woodmart_inline=&#8221;no&#8221;][vc_single_image image=&#8221;9701&#8243; img_size=&#8221;full&#8221; parallax_scroll=&#8221;no&#8221; woodmart_inline=&#8221;no&#8221;][vc_single_image image=&#8221;9703&#8243; img_size=&#8221;full&#8221; parallax_scroll=&#8221;no&#8221; woodmart_inline=&#8221;no&#8221;][\/vc_column][\/vc_row]<\/p>\n<\/section>","protected":false},"excerpt":{"rendered":"<p>[vc_row css=&#8221;.vc_custom_1736292585536{padding-top: 0px !important;padding-right: 0px !important;padding-bottom: 0px !important;padding-left: 0px !important;}&#8221; woodmart_css_id=&#8221;677db8deba35b&#8221; responsive_spacing=&#8221;eyJwYXJhbV90eXBlIjoid29vZG1hcnRfcmVzcG9uc2l2ZV9zcGFjaW5nIiwic2VsZWN0b3JfaWQiOiI2NzdkYjhkZWJhMzViIiwic2hvcnRjb2RlIjoidmNfcm93IiwiZGF0YSI6eyJ0YWJsZXQiOnt9LCJtb2JpbGUiOnt9fX0=&#8221; mobile_bg_img_hidden=&#8221;no&#8221; tablet_bg_img_hidden=&#8221;no&#8221; woodmart_parallax=&#8221;0&#8243; woodmart_gradient_switch=&#8221;no&#8221; woodmart_box_shadow=&#8221;no&#8221; wd_z_index=&#8221;no&#8221; woodmart_disable_overflow=&#8221;0&#8243; row_reverse_mobile=&#8221;0&#8243;<\/p>\n","protected":false},"author":193,"featured_media":0,"parent":0,"menu_order":0,"comment_status":"closed","ping_status":"closed","template":"","meta":{"footnotes":""},"class_list":["post-10286","page","type-page","status-publish","hentry"],"yoast_head":"<!-- This site is optimized with the Yoast SEO plugin v27.5 - https:\/\/yoast.com\/product\/yoast-seo-wordpress\/ -->\n<title>Form G\u00f6nderildi | Furkan Er IFBB Pro Athlete<\/title>\n<meta name=\"robots\" content=\"index, follow, max-snippet:-1, max-image-preview:large, max-video-preview:-1\" \/>\n<link rel=\"canonical\" href=\"https:\/\/furkaneracademy.com\/index.php\/form-gonderildi\/\" \/>\n<meta property=\"og:locale\" content=\"tr_TR\" \/>\n<meta property=\"og:type\" content=\"article\" \/>\n<meta property=\"og:title\" content=\"Form G\u00f6nderildi | Furkan Er IFBB Pro Athlete\" \/>\n<meta property=\"og:description\" content=\"[vc_row css=&#8221;.vc_custom_1736292585536{padding-top: 0px !important;padding-right: 0px !important;padding-bottom: 0px !important;padding-left: 0px !important;}&#8221; woodmart_css_id=&#8221;677db8deba35b&#8221; responsive_spacing=&#8221;eyJwYXJhbV90eXBlIjoid29vZG1hcnRfcmVzcG9uc2l2ZV9zcGFjaW5nIiwic2VsZWN0b3JfaWQiOiI2NzdkYjhkZWJhMzViIiwic2hvcnRjb2RlIjoidmNfcm93IiwiZGF0YSI6eyJ0YWJsZXQiOnt9LCJtb2JpbGUiOnt9fX0=&#8221; mobile_bg_img_hidden=&#8221;no&#8221; tablet_bg_img_hidden=&#8221;no&#8221; woodmart_parallax=&#8221;0&#8243; woodmart_gradient_switch=&#8221;no&#8221; woodmart_box_shadow=&#8221;no&#8221; wd_z_index=&#8221;no&#8221; woodmart_disable_overflow=&#8221;0&#8243; row_reverse_mobile=&#8221;0&#8243;\" \/>\n<meta property=\"og:url\" content=\"https:\/\/furkaneracademy.com\/index.php\/form-gonderildi\/\" \/>\n<meta property=\"og:site_name\" content=\"Furkan Er IFBB Pro Athlete\" \/>\n<meta property=\"article:modified_time\" content=\"2025-01-08T12:07:10+00:00\" \/>\n<meta property=\"og:image\" content=\"https:\/\/furkaneracademy.com\/wp-content\/uploads\/2023\/07\/furkan-er-1.jpg\" \/>\n\t<meta property=\"og:image:width\" content=\"1920\" \/>\n\t<meta property=\"og:image:height\" content=\"820\" \/>\n\t<meta property=\"og:image:type\" content=\"image\/jpeg\" \/>\n<meta name=\"twitter:card\" content=\"summary_large_image\" \/>\n<meta name=\"twitter:label1\" content=\"Tahmini okuma s\u00fcresi\" \/>\n\t<meta name=\"twitter:data1\" content=\"4 dakika\" \/>\n<script type=\"application\/ld+json\" class=\"yoast-schema-graph\">{\"@context\":\"https:\\\/\\\/schema.org\",\"@graph\":[{\"@type\":\"WebPage\",\"@id\":\"https:\\\/\\\/furkaneracademy.com\\\/index.php\\\/form-gonderildi\\\/\",\"url\":\"https:\\\/\\\/furkaneracademy.com\\\/index.php\\\/form-gonderildi\\\/\",\"name\":\"Form G\u00f6nderildi | Furkan Er IFBB Pro Athlete\",\"isPartOf\":{\"@id\":\"https:\\\/\\\/furkaneracademy.com\\\/#website\"},\"datePublished\":\"2025-01-07T22:31:03+00:00\",\"dateModified\":\"2025-01-08T12:07:10+00:00\",\"breadcrumb\":{\"@id\":\"https:\\\/\\\/furkaneracademy.com\\\/index.php\\\/form-gonderildi\\\/#breadcrumb\"},\"inLanguage\":\"tr\",\"potentialAction\":[{\"@type\":\"ReadAction\",\"target\":[\"https:\\\/\\\/furkaneracademy.com\\\/index.php\\\/form-gonderildi\\\/\"]}]},{\"@type\":\"BreadcrumbList\",\"@id\":\"https:\\\/\\\/furkaneracademy.com\\\/index.php\\\/form-gonderildi\\\/#breadcrumb\",\"itemListElement\":[{\"@type\":\"ListItem\",\"position\":1,\"name\":\"Anasayfa\",\"item\":\"https:\\\/\\\/furkaneracademy.com\\\/\"},{\"@type\":\"ListItem\",\"position\":2,\"name\":\"Form G\u00f6nderildi\"}]},{\"@type\":\"WebSite\",\"@id\":\"https:\\\/\\\/furkaneracademy.com\\\/#website\",\"url\":\"https:\\\/\\\/furkaneracademy.com\\\/\",\"name\":\"Furkan Er | IFBB Pro Athlete\",\"description\":\"Be F\u0131t With Furkan Er\",\"potentialAction\":[{\"@type\":\"SearchAction\",\"target\":{\"@type\":\"EntryPoint\",\"urlTemplate\":\"https:\\\/\\\/furkaneracademy.com\\\/?s={search_term_string}\"},\"query-input\":{\"@type\":\"PropertyValueSpecification\",\"valueRequired\":true,\"valueName\":\"search_term_string\"}}],\"inLanguage\":\"tr\"}]}<\/script>\n<!-- \/ Yoast SEO plugin. -->","yoast_head_json":{"title":"Form G\u00f6nderildi | Furkan Er IFBB Pro Athlete","robots":{"index":"index","follow":"follow","max-snippet":"max-snippet:-1","max-image-preview":"max-image-preview:large","max-video-preview":"max-video-preview:-1"},"canonical":"https:\/\/furkaneracademy.com\/index.php\/form-gonderildi\/","og_locale":"tr_TR","og_type":"article","og_title":"Form G\u00f6nderildi | Furkan Er IFBB Pro Athlete","og_description":"[vc_row css=&#8221;.vc_custom_1736292585536{padding-top: 0px !important;padding-right: 0px !important;padding-bottom: 0px !important;padding-left: 0px !important;}&#8221; woodmart_css_id=&#8221;677db8deba35b&#8221; responsive_spacing=&#8221;eyJwYXJhbV90eXBlIjoid29vZG1hcnRfcmVzcG9uc2l2ZV9zcGFjaW5nIiwic2VsZWN0b3JfaWQiOiI2NzdkYjhkZWJhMzViIiwic2hvcnRjb2RlIjoidmNfcm93IiwiZGF0YSI6eyJ0YWJsZXQiOnt9LCJtb2JpbGUiOnt9fX0=&#8221; mobile_bg_img_hidden=&#8221;no&#8221; tablet_bg_img_hidden=&#8221;no&#8221; woodmart_parallax=&#8221;0&#8243; woodmart_gradient_switch=&#8221;no&#8221; woodmart_box_shadow=&#8221;no&#8221; wd_z_index=&#8221;no&#8221; woodmart_disable_overflow=&#8221;0&#8243; row_reverse_mobile=&#8221;0&#8243;","og_url":"https:\/\/furkaneracademy.com\/index.php\/form-gonderildi\/","og_site_name":"Furkan Er IFBB Pro Athlete","article_modified_time":"2025-01-08T12:07:10+00:00","og_image":[{"width":1920,"height":820,"url":"https:\/\/furkaneracademy.com\/wp-content\/uploads\/2023\/07\/furkan-er-1.jpg","type":"image\/jpeg"}],"twitter_card":"summary_large_image","twitter_misc":{"Tahmini okuma s\u00fcresi":"4 dakika"},"schema":{"@context":"https:\/\/schema.org","@graph":[{"@type":"WebPage","@id":"https:\/\/furkaneracademy.com\/index.php\/form-gonderildi\/","url":"https:\/\/furkaneracademy.com\/index.php\/form-gonderildi\/","name":"Form G\u00f6nderildi | Furkan Er IFBB Pro Athlete","isPartOf":{"@id":"https:\/\/furkaneracademy.com\/#website"},"datePublished":"2025-01-07T22:31:03+00:00","dateModified":"2025-01-08T12:07:10+00:00","breadcrumb":{"@id":"https:\/\/furkaneracademy.com\/index.php\/form-gonderildi\/#breadcrumb"},"inLanguage":"tr","potentialAction":[{"@type":"ReadAction","target":["https:\/\/furkaneracademy.com\/index.php\/form-gonderildi\/"]}]},{"@type":"BreadcrumbList","@id":"https:\/\/furkaneracademy.com\/index.php\/form-gonderildi\/#breadcrumb","itemListElement":[{"@type":"ListItem","position":1,"name":"Anasayfa","item":"https:\/\/furkaneracademy.com\/"},{"@type":"ListItem","position":2,"name":"Form G\u00f6nderildi"}]},{"@type":"WebSite","@id":"https:\/\/furkaneracademy.com\/#website","url":"https:\/\/furkaneracademy.com\/","name":"Furkan Er | IFBB Pro Athlete","description":"Be F\u0131t With Furkan Er","potentialAction":[{"@type":"SearchAction","target":{"@type":"EntryPoint","urlTemplate":"https:\/\/furkaneracademy.com\/?s={search_term_string}"},"query-input":{"@type":"PropertyValueSpecification","valueRequired":true,"valueName":"search_term_string"}}],"inLanguage":"tr"}]}},"_links":{"self":[{"href":"https:\/\/furkaneracademy.com\/index.php\/wp-json\/wp\/v2\/pages\/10286","targetHints":{"allow":["GET"]}}],"collection":[{"href":"https:\/\/furkaneracademy.com\/index.php\/wp-json\/wp\/v2\/pages"}],"about":[{"href":"https:\/\/furkaneracademy.com\/index.php\/wp-json\/wp\/v2\/types\/page"}],"author":[{"embeddable":true,"href":"https:\/\/furkaneracademy.com\/index.php\/wp-json\/wp\/v2\/users\/193"}],"replies":[{"embeddable":true,"href":"https:\/\/furkaneracademy.com\/index.php\/wp-json\/wp\/v2\/comments?post=10286"}],"version-history":[{"count":19,"href":"https:\/\/furkaneracademy.com\/index.php\/wp-json\/wp\/v2\/pages\/10286\/revisions"}],"predecessor-version":[{"id":10308,"href":"https:\/\/furkaneracademy.com\/index.php\/wp-json\/wp\/v2\/pages\/10286\/revisions\/10308"}],"wp:attachment":[{"href":"https:\/\/furkaneracademy.com\/index.php\/wp-json\/wp\/v2\/media?parent=10286"}],"curies":[{"name":"wp","href":"https:\/\/api.w.org\/{rel}","templated":true}]}}