{"id":10281,"date":"2025-01-08T00:48:34","date_gmt":"2025-01-07T21:48:34","guid":{"rendered":"https:\/\/furkaneracademy.com\/?page_id=10281"},"modified":"2025-01-08T02:28:16","modified_gmt":"2025-01-07T23:28:16","slug":"ucretsiz-ileri-seviye-kol-programi","status":"publish","type":"page","link":"https:\/\/furkaneracademy.com\/index.php\/ucretsiz-ileri-seviye-kol-programi\/","title":{"rendered":"\u00dccretsiz \u0130leri Seviye Kol Program\u0131"},"content":{"rendered":"<section class=\"wpb-content-wrapper\"><p>[vc_row][vc_column width=&#8221;1\/2&#8243;][vc_column_text woodmart_color_scheme=&#8221;dark&#8221; woodmart_inline=&#8221;no&#8221; text_larger=&#8221;no&#8221; css=&#8221;.vc_custom_1736292446507{margin-bottom: 0px !important;border-top-width: 1px !important;border-right-width: 1px !important;border-bottom-width: 1px !important;border-left-width: 1px !important;padding-top: 15px !important;padding-right: 15px !important;padding-bottom: 15px !important;padding-left: 15px !important;border-left-color: #cccccc !important;border-right-color: #cccccc !important;border-top-color: #cccccc !important;border-bottom-color: #cccccc !important;border-radius: 10px !important;}&#8221;]<\/p>\n<h2 style=\"font-size: 24px;\">A\u015fa\u011f\u0131daki formu doldurarak hemen \u00fccretsiz e-kitab\u0131n\u0131z\u0131 al\u0131n!<\/h2>\n<p>[\/vc_column_text][vc_raw_js]JTNDaWZyYW1lJTBBJTIwJTIwc3JjJTNEJTIyaHR0cHMlM0ElMkYlMkZsaW5rLmJvb2tseWZ5LmNvbSUyRndpZGdldCUyRmZvcm0lMkZaNmZVRUZ6dU9NZmhhQzk5Zm1GOSUyMiUwQSUyMCUyMHN0eWxlJTNEJTIyd2lkdGglM0ExMDAlMjUlM0JoZWlnaHQlM0ExMDAlMjUlM0Jib3JkZXIlM0Fub25lJTNCYm9yZGVyLXJhZGl1cyUzQTNweCUyMiUwQSUyMCUyMGlkJTNEJTIyaW5saW5lLVo2ZlVFRnp1T01maGFDOTlmbUY5JTIyJTIwJTBBJTIwJTIwZGF0YS1sYXlvdXQlM0QlMjIlN0IlMjdpZCUyNyUzQSUyN0lOTElORSUyNyU3RCUyMiUwQSUyMCUyMGRhdGEtdHJpZ2dlci10eXBlJTNEJTIyYWx3YXlzU2hvdyUyMiUwQSUyMCUyMGRhdGEtdHJpZ2dlci12YWx1ZSUzRCUyMiUyMiUwQSUyMCUyMGRhdGEtYWN0aXZhdGlvbi10eXBlJTNEJTIyYWx3YXlzQWN0aXZhdGVkJTIyJTBBJTIwJTIwZGF0YS1hY3RpdmF0aW9uLXZhbHVlJTNEJTIyJTIyJTBBJTIwJTIwZGF0YS1kZWFjdGl2YXRpb24tdHlwZSUzRCUyMm5ldmVyRGVhY3RpdmF0ZSUyMiUwQSUyMCUyMGRhdGEtZGVhY3RpdmF0aW9uLXZhbHVlJTNEJTIyJTIyJTBBJTIwJTIwZGF0YS1mb3JtLW5hbWUlM0QlMjIlQzMlOUNjcmV0c2l6JTIwS09MJTIwUHJvZ3JhbSVDNCVCMSUyMiUwQSUyMCUyMGRhdGEtaGVpZ2h0JTNEJTIyNTI2JTIyJTBBJTIwJTIwZGF0YS1sYXlvdXQtaWZyYW1lLWlkJTNEJTIyaW5saW5lLVo2ZlVFRnp1T01maGFDOTlmbUY5JTIyJTBBJTIwJTIwZGF0YS1mb3JtLWlkJTNEJTIyWjZmVUVGenVPTWZoYUM5OWZtRjklMjIlMEElMjAlMjB0aXRsZSUzRCUyMiVDMyU5Q2NyZXRzaXolMjBLT0wlMjBQcm9ncmFtJUM0JUIxJTIyJTBBJTIwJTIwJTIwJTIwJTIwJTIwJTNFJTBBJTNDJTJGaWZyYW1lJTNFJTBBJTNDc2NyaXB0JTIwc3JjJTNEJTIyaHR0cHMlM0ElMkYlMkZsaW5rLmJvb2tseWZ5LmNvbSUyRmpzJTJGZm9ybV9lbWJlZC5qcyUyMiUzRSUzQyUyRnNjcmlwdCUzRQ==[\/vc_raw_js][\/vc_column][vc_column width=&#8221;1\/2&#8243;][vc_single_image image=&#8221;9673&#8243; img_size=&#8221;full&#8221; parallax_scroll=&#8221;no&#8221; woodmart_inline=&#8221;no&#8221;][\/vc_column][\/vc_row][vc_row woodmart_stretch_content=&#8221;section-stretch&#8221; css=&#8221;.vc_custom_1736287305696{background-color: #161616 !important;}&#8221; woodmart_css_id=&#8221;677da43c24ddc&#8221; responsive_spacing=&#8221;eyJwYXJhbV90eXBlIjoid29vZG1hcnRfcmVzcG9uc2l2ZV9zcGFjaW5nIiwic2VsZWN0b3JfaWQiOiI2NzdkYTQzYzI0ZGRjIiwic2hvcnRjb2RlIjoidmNfcm93IiwiZGF0YSI6eyJ0YWJsZXQiOnt9LCJtb2JpbGUiOnt9fX0=&#8221; mobile_bg_img_hidden=&#8221;no&#8221; tablet_bg_img_hidden=&#8221;no&#8221; woodmart_parallax=&#8221;0&#8243; woodmart_gradient_switch=&#8221;no&#8221; woodmart_box_shadow=&#8221;no&#8221; wd_z_index=&#8221;no&#8221; woodmart_disable_overflow=&#8221;0&#8243; row_reverse_mobile=&#8221;0&#8243; row_reverse_tablet=&#8221;0&#8243;][vc_column width=&#8221;1\/2&#8243;][vc_column_text woodmart_inline=&#8221;no&#8221; text_larger=&#8221;no&#8221; css=&#8221;.vc_custom_1736287318448{border-top-width: 1px !important;border-right-width: 1px !important;border-bottom-width: 1px !important;border-left-width: 1px !important;padding-top: 15px !important;padding-right: 15px !important;padding-bottom: 15px !important;padding-left: 15px !important;border-left-color: #cccccc !important;border-right-color: #cccccc !important;border-top-color: #cccccc !important;border-bottom-color: #cccccc !important;border-radius: 10px !important;}&#8221;]<\/p>\n<h2 style=\"font-weight: 800; font-size: 34px; color: #fff;\"><strong>E\u011e\u0130T\u0130M \u0130\u00c7ER\u0130\u011e\u0130<br \/>\n<\/strong><\/h2>\n<h2><strong>\ud83d\udcaa DEV KOL PROGRAMI<\/strong><\/h2>\n<p>&#8220;\u0130leri seviye tekniklerle maksimum geli\u015fim&#8221;<\/p>\n<h3>\ud83c\udfaf B\u0130L\u0130MSEL METOTLAR<\/h3>\n<ul>\n<li>\u0130somix Tekni\u011fi<\/li>\n<li>Drop Set Sistemi<\/li>\n<li>S\u00fcper Set Kombinasyonu<\/li>\n<\/ul>\n<h3>\u26a1 YO\u011eUN ST\u0130M\u00dcLASYON<\/h3>\n<ul>\n<li>\u00d6zel Set Sistemleri<\/li>\n<li>Maksimum Kas Aktivasyonu<\/li>\n<li>Pompa Odakl\u0131 \u00c7al\u0131\u015fma<\/li>\n<\/ul>\n<p>&nbsp;[\/vc_column_text][\/vc_column][vc_column width=&#8221;1\/2&#8243;][vc_column_text woodmart_inline=&#8221;no&#8221; text_larger=&#8221;no&#8221; css=&#8221;.vc_custom_1736287286020{border-top-width: 1px !important;border-right-width: 1px !important;border-bottom-width: 1px !important;border-left-width: 1px !important;padding-top: 15px !important;padding-right: 15px !important;padding-bottom: 15px !important;padding-left: 15px !important;border-left-color: #cccccc !important;border-right-color: #cccccc !important;border-top-color: #cccccc !important;border-bottom-color: #cccccc !important;border-radius: 10px !important;}&#8221;]<\/p>\n<h3>\ud83d\udd25 PROFESYONEL DETAYLAR<\/h3>\n<ul>\n<li>\u0130leri Seviye Teknikler<\/li>\n<li>\u00d6zel Form \u0130pu\u00e7lar\u0131<\/li>\n<li>Zaman Optimizasyonu<\/li>\n<\/ul>\n<h3>\ud83d\udcab E\u015eS\u0130Z KOMB\u0130NASYON<\/h3>\n<ul>\n<li>\u00d6n Kol \u015eok Sistemi<\/li>\n<li>Arka Kol Yo\u011fun Protokol<\/li>\n<li>Peak Kontraksiyon Teknikleri<\/li>\n<\/ul>\n<h3>\u2728 PROGRAM AYRICALI\u011eI<\/h3>\n<ul>\n<li>Kan\u0131tlanm\u0131\u015f Teknikler<\/li>\n<li>Profesyonel Yakla\u015f\u0131m<\/li>\n<li>Maksimum Verim<\/li>\n<\/ul>\n<p>&nbsp;[\/vc_column_text][\/vc_column][\/vc_row]<\/p>\n<\/section>","protected":false},"excerpt":{"rendered":"<p>[vc_row][vc_column width=&#8221;1\/2&#8243;][vc_column_text woodmart_color_scheme=&#8221;dark&#8221; woodmart_inline=&#8221;no&#8221; text_larger=&#8221;no&#8221; css=&#8221;.vc_custom_1736292446507{margin-bottom: 0px !important;border-top-width: 1px !important;border-right-width: 1px !important;border-bottom-width: 1px !important;border-left-width: 1px !important;padding-top: 15px !important;padding-right: 15px !important;padding-bottom:<\/p>\n","protected":false},"author":193,"featured_media":0,"parent":0,"menu_order":0,"comment_status":"closed","ping_status":"closed","template":"","meta":{"footnotes":""},"class_list":["post-10281","page","type-page","status-publish","hentry"],"yoast_head":"<!-- This site is optimized with the Yoast SEO plugin v27.5 - https:\/\/yoast.com\/product\/yoast-seo-wordpress\/ -->\n<title>\u00dccretsiz \u0130leri Seviye Kol Program\u0131 | Furkan Er IFBB Pro Athlete<\/title>\n<meta name=\"robots\" content=\"index, follow, max-snippet:-1, max-image-preview:large, max-video-preview:-1\" \/>\n<link rel=\"canonical\" href=\"https:\/\/furkaneracademy.com\/index.php\/ucretsiz-ileri-seviye-kol-programi\/\" \/>\n<meta property=\"og:locale\" content=\"tr_TR\" \/>\n<meta property=\"og:type\" content=\"article\" \/>\n<meta property=\"og:title\" content=\"\u00dccretsiz \u0130leri Seviye Kol Program\u0131 | Furkan Er IFBB Pro Athlete\" \/>\n<meta property=\"og:description\" content=\"[vc_row][vc_column width=&#8221;1\/2&#8243;][vc_column_text woodmart_color_scheme=&#8221;dark&#8221; woodmart_inline=&#8221;no&#8221; text_larger=&#8221;no&#8221; css=&#8221;.vc_custom_1736292446507{margin-bottom: 0px !important;border-top-width: 1px !important;border-right-width: 1px !important;border-bottom-width: 1px !important;border-left-width: 1px !important;padding-top: 15px !important;padding-right: 15px !important;padding-bottom:\" \/>\n<meta property=\"og:url\" content=\"https:\/\/furkaneracademy.com\/index.php\/ucretsiz-ileri-seviye-kol-programi\/\" \/>\n<meta property=\"og:site_name\" content=\"Furkan Er IFBB Pro Athlete\" \/>\n<meta property=\"article:modified_time\" content=\"2025-01-07T23:28:16+00:00\" \/>\n<meta property=\"og:image\" content=\"https:\/\/furkaneracademy.com\/wp-content\/uploads\/2023\/07\/furkan-er-1.jpg\" \/>\n\t<meta property=\"og:image:width\" content=\"1920\" \/>\n\t<meta property=\"og:image:height\" content=\"820\" \/>\n\t<meta property=\"og:image:type\" content=\"image\/jpeg\" \/>\n<meta name=\"twitter:card\" content=\"summary_large_image\" \/>\n<script type=\"application\/ld+json\" class=\"yoast-schema-graph\">{\"@context\":\"https:\\\/\\\/schema.org\",\"@graph\":[{\"@type\":\"WebPage\",\"@id\":\"https:\\\/\\\/furkaneracademy.com\\\/index.php\\\/ucretsiz-ileri-seviye-kol-programi\\\/\",\"url\":\"https:\\\/\\\/furkaneracademy.com\\\/index.php\\\/ucretsiz-ileri-seviye-kol-programi\\\/\",\"name\":\"\u00dccretsiz \u0130leri Seviye Kol Program\u0131 | Furkan Er IFBB Pro Athlete\",\"isPartOf\":{\"@id\":\"https:\\\/\\\/furkaneracademy.com\\\/#website\"},\"datePublished\":\"2025-01-07T21:48:34+00:00\",\"dateModified\":\"2025-01-07T23:28:16+00:00\",\"breadcrumb\":{\"@id\":\"https:\\\/\\\/furkaneracademy.com\\\/index.php\\\/ucretsiz-ileri-seviye-kol-programi\\\/#breadcrumb\"},\"inLanguage\":\"tr\",\"potentialAction\":[{\"@type\":\"ReadAction\",\"target\":[\"https:\\\/\\\/furkaneracademy.com\\\/index.php\\\/ucretsiz-ileri-seviye-kol-programi\\\/\"]}]},{\"@type\":\"BreadcrumbList\",\"@id\":\"https:\\\/\\\/furkaneracademy.com\\\/index.php\\\/ucretsiz-ileri-seviye-kol-programi\\\/#breadcrumb\",\"itemListElement\":[{\"@type\":\"ListItem\",\"position\":1,\"name\":\"Anasayfa\",\"item\":\"https:\\\/\\\/furkaneracademy.com\\\/\"},{\"@type\":\"ListItem\",\"position\":2,\"name\":\"\u00dccretsiz \u0130leri Seviye Kol Program\u0131\"}]},{\"@type\":\"WebSite\",\"@id\":\"https:\\\/\\\/furkaneracademy.com\\\/#website\",\"url\":\"https:\\\/\\\/furkaneracademy.com\\\/\",\"name\":\"Furkan Er | IFBB Pro Athlete\",\"description\":\"Be F\u0131t With Furkan Er\",\"potentialAction\":[{\"@type\":\"SearchAction\",\"target\":{\"@type\":\"EntryPoint\",\"urlTemplate\":\"https:\\\/\\\/furkaneracademy.com\\\/?s={search_term_string}\"},\"query-input\":{\"@type\":\"PropertyValueSpecification\",\"valueRequired\":true,\"valueName\":\"search_term_string\"}}],\"inLanguage\":\"tr\"}]}<\/script>\n<!-- \/ Yoast SEO plugin. -->","yoast_head_json":{"title":"\u00dccretsiz \u0130leri Seviye Kol Program\u0131 | Furkan Er IFBB Pro Athlete","robots":{"index":"index","follow":"follow","max-snippet":"max-snippet:-1","max-image-preview":"max-image-preview:large","max-video-preview":"max-video-preview:-1"},"canonical":"https:\/\/furkaneracademy.com\/index.php\/ucretsiz-ileri-seviye-kol-programi\/","og_locale":"tr_TR","og_type":"article","og_title":"\u00dccretsiz \u0130leri Seviye Kol Program\u0131 | Furkan Er IFBB Pro Athlete","og_description":"[vc_row][vc_column width=&#8221;1\/2&#8243;][vc_column_text woodmart_color_scheme=&#8221;dark&#8221; woodmart_inline=&#8221;no&#8221; text_larger=&#8221;no&#8221; css=&#8221;.vc_custom_1736292446507{margin-bottom: 0px !important;border-top-width: 1px !important;border-right-width: 1px !important;border-bottom-width: 1px !important;border-left-width: 1px !important;padding-top: 15px !important;padding-right: 15px !important;padding-bottom:","og_url":"https:\/\/furkaneracademy.com\/index.php\/ucretsiz-ileri-seviye-kol-programi\/","og_site_name":"Furkan Er IFBB Pro Athlete","article_modified_time":"2025-01-07T23:28:16+00:00","og_image":[{"width":1920,"height":820,"url":"https:\/\/furkaneracademy.com\/wp-content\/uploads\/2023\/07\/furkan-er-1.jpg","type":"image\/jpeg"}],"twitter_card":"summary_large_image","schema":{"@context":"https:\/\/schema.org","@graph":[{"@type":"WebPage","@id":"https:\/\/furkaneracademy.com\/index.php\/ucretsiz-ileri-seviye-kol-programi\/","url":"https:\/\/furkaneracademy.com\/index.php\/ucretsiz-ileri-seviye-kol-programi\/","name":"\u00dccretsiz \u0130leri Seviye Kol Program\u0131 | Furkan Er IFBB Pro Athlete","isPartOf":{"@id":"https:\/\/furkaneracademy.com\/#website"},"datePublished":"2025-01-07T21:48:34+00:00","dateModified":"2025-01-07T23:28:16+00:00","breadcrumb":{"@id":"https:\/\/furkaneracademy.com\/index.php\/ucretsiz-ileri-seviye-kol-programi\/#breadcrumb"},"inLanguage":"tr","potentialAction":[{"@type":"ReadAction","target":["https:\/\/furkaneracademy.com\/index.php\/ucretsiz-ileri-seviye-kol-programi\/"]}]},{"@type":"BreadcrumbList","@id":"https:\/\/furkaneracademy.com\/index.php\/ucretsiz-ileri-seviye-kol-programi\/#breadcrumb","itemListElement":[{"@type":"ListItem","position":1,"name":"Anasayfa","item":"https:\/\/furkaneracademy.com\/"},{"@type":"ListItem","position":2,"name":"\u00dccretsiz \u0130leri Seviye Kol Program\u0131"}]},{"@type":"WebSite","@id":"https:\/\/furkaneracademy.com\/#website","url":"https:\/\/furkaneracademy.com\/","name":"Furkan Er | IFBB Pro Athlete","description":"Be F\u0131t With Furkan Er","potentialAction":[{"@type":"SearchAction","target":{"@type":"EntryPoint","urlTemplate":"https:\/\/furkaneracademy.com\/?s={search_term_string}"},"query-input":{"@type":"PropertyValueSpecification","valueRequired":true,"valueName":"search_term_string"}}],"inLanguage":"tr"}]}},"_links":{"self":[{"href":"https:\/\/furkaneracademy.com\/index.php\/wp-json\/wp\/v2\/pages\/10281","targetHints":{"allow":["GET"]}}],"collection":[{"href":"https:\/\/furkaneracademy.com\/index.php\/wp-json\/wp\/v2\/pages"}],"about":[{"href":"https:\/\/furkaneracademy.com\/index.php\/wp-json\/wp\/v2\/types\/page"}],"author":[{"embeddable":true,"href":"https:\/\/furkaneracademy.com\/index.php\/wp-json\/wp\/v2\/users\/193"}],"replies":[{"embeddable":true,"href":"https:\/\/furkaneracademy.com\/index.php\/wp-json\/wp\/v2\/comments?post=10281"}],"version-history":[{"count":7,"href":"https:\/\/furkaneracademy.com\/index.php\/wp-json\/wp\/v2\/pages\/10281\/revisions"}],"predecessor-version":[{"id":10297,"href":"https:\/\/furkaneracademy.com\/index.php\/wp-json\/wp\/v2\/pages\/10281\/revisions\/10297"}],"wp:attachment":[{"href":"https:\/\/furkaneracademy.com\/index.php\/wp-json\/wp\/v2\/media?parent=10281"}],"curies":[{"name":"wp","href":"https:\/\/api.w.org\/{rel}","templated":true}]}}